{"id":521,"date":"2022-01-01T00:00:04","date_gmt":"2022-01-01T00:00:04","guid":{"rendered":"http:\/\/www.hostalcanjosep.com\/?page_id=521"},"modified":"2022-07-29T15:57:19","modified_gmt":"2022-07-29T15:57:19","slug":"sort","status":"publish","type":"page","link":"https:\/\/www.hostalcanjosep.com\/en\/about-sort\/","title":{"rendered":"About Sort"},"content":{"rendered":"<p><\/p>\n<h1>Sort in Lleida, Pallars Sobir\u00e0<\/h1>\n<p><img data-recalc-dims=\"1\" loading=\"lazy\" decoding=\"async\" class=\"alignleft wp-image-64\" src=\"https:\/\/i0.wp.com\/www.hostalcanjosep.com\/wp-content\/uploads\/2022\/06\/IMG-4221-scaled.jpg?resize=600%2C450&#038;ssl=1\" alt=\"\" width=\"600\" height=\"450\" \/>Sort is a village and municipality in the province of Lleida, in Catalonia, Spain. It&#8217;s located 30 kilometers from the <a href=\"https:\/\/www.catalunya.com\/aiguestortes-i-estany-de-sant-maurici-national-park-17-17001-573521?language=en\">National Park of Aig\u00fcestortes and Estany de Sant Maurici<\/a>. It was the capital of the country of Pallars Sobir\u00e0, and today is the capital of the region of Pallars Sobir\u00e0. It&#8217;s located near of the Noguera Pallaresa river, which is considered one of the best rivers in the Pyrenees.<\/p>\n<h2>Sort is a village really attractive<\/h2>\n<p>To emphasize the castle built in the Middle Ages, The Major Street and especially the activities related to the sporting uses of the Noguera Pallaresa (rafting, kayaking&#8230;).<\/p>\n<p>The main characteristics of this beautiful and cozy village are the incredible scenery of the surrounding mountains, green in summer and white and snowy in winter, and his friendly people.<\/p>\n<p>Talking about the gastronomy, the typical plates are Sort cheese (<a href=\"https:\/\/en.wikipedia.org\/wiki\/Tup%C3%AD\">The Tup\u00ed<\/a>), rice with typical mushrooms, xol\u00eds (a kind of sausage), and as desserts, the filiberto.<\/p>","protected":false},"excerpt":{"rendered":"<p>Sort in Lleida, Pallars Sobir\u00e0 Sort is a village and municipality in the province of Lleida, in Catalonia, Spain. It&#8217;s located 30 kilometers from the National Park of Aig\u00fcestortes and Estany de Sant Maurici. It was the capital of the country of Pallars Sobir\u00e0, and today is the capital of the region of Pallars Sobir\u00e0. &hellip;<\/p>\n","protected":false},"author":1,"featured_media":1805,"parent":0,"menu_order":0,"comment_status":"closed","ping_status":"closed","template":"","meta":{"footnotes":""},"class_list":["post-521","page","type-page","status-publish","has-post-thumbnail","hentry"],"yoast_head":"<!-- This site is optimized with the Yoast SEO plugin v27.4 - https:\/\/yoast.com\/product\/yoast-seo-wordpress\/ -->\n<title>Hostal Can Josep - Sort in the Pyrenees<\/title>\n<meta name=\"description\" content=\"Sort en Lleida, Pallars Sobir\u00e0 Sort es una localidad y un municipio de la provincia de L\u00e9rida (Lleida), en Catalu\u00f1a, capital de la comarca del Pallars\" \/>\n<meta name=\"robots\" content=\"index, follow, max-snippet:-1, max-image-preview:large, max-video-preview:-1\" \/>\n<link rel=\"canonical\" href=\"https:\/\/www.hostalcanjosep.com\/en\/about-sort\/\" \/>\n<meta property=\"og:locale\" content=\"en_US\" \/>\n<meta property=\"og:type\" content=\"article\" \/>\n<meta property=\"og:title\" content=\"Hostal Can Josep - Sort in the Pyrenees\" \/>\n<meta property=\"og:description\" content=\"Sort en Lleida, Pallars Sobir\u00e0 Sort es una localidad y un municipio de la provincia de L\u00e9rida (Lleida), en Catalu\u00f1a, capital de la comarca del Pallars\" \/>\n<meta property=\"og:url\" content=\"https:\/\/www.hostalcanjosep.com\/en\/about-sort\/\" \/>\n<meta property=\"og:site_name\" content=\"Hostal Can Josep\" \/>\n<meta property=\"article:publisher\" content=\"https:\/\/www.facebook.com\/hostalcanjosep\/\" \/>\n<meta property=\"article:modified_time\" content=\"2022-07-29T15:57:19+00:00\" \/>\n<meta property=\"og:image\" content=\"https:\/\/i0.wp.com\/www.hostalcanjosep.com\/wp-content\/uploads\/2022\/06\/IMG-4221-scaled.jpg?fit=2560%2C1920&ssl=1\" \/>\n\t<meta property=\"og:image:width\" content=\"2560\" \/>\n\t<meta property=\"og:image:height\" content=\"1920\" \/>\n\t<meta property=\"og:image:type\" content=\"image\/jpeg\" \/>\n<meta name=\"twitter:card\" content=\"summary_large_image\" \/>\n<meta name=\"twitter:label1\" content=\"Est. reading time\" \/>\n\t<meta name=\"twitter:data1\" content=\"1 minute\" \/>\n<script type=\"application\/ld+json\" class=\"yoast-schema-graph\">{\"@context\":\"https:\\\/\\\/schema.org\",\"@graph\":[{\"@type\":\"WebPage\",\"@id\":\"https:\\\/\\\/www.hostalcanjosep.com\\\/en\\\/about-sort\\\/\",\"url\":\"https:\\\/\\\/www.hostalcanjosep.com\\\/en\\\/about-sort\\\/\",\"name\":\"Hostal Can Josep - Sort in the Pyrenees\",\"isPartOf\":{\"@id\":\"https:\\\/\\\/www.hostalcanjosep.com\\\/#website\"},\"primaryImageOfPage\":{\"@id\":\"https:\\\/\\\/www.hostalcanjosep.com\\\/en\\\/about-sort\\\/#primaryimage\"},\"image\":{\"@id\":\"https:\\\/\\\/www.hostalcanjosep.com\\\/en\\\/about-sort\\\/#primaryimage\"},\"thumbnailUrl\":\"https:\\\/\\\/i0.wp.com\\\/www.hostalcanjosep.com\\\/wp-content\\\/uploads\\\/2022\\\/06\\\/IMG-4221-scaled.jpg?fit=2560%2C1920&ssl=1\",\"datePublished\":\"2022-01-01T00:00:04+00:00\",\"dateModified\":\"2022-07-29T15:57:19+00:00\",\"description\":\"Sort en Lleida, Pallars Sobir\u00e0 Sort es una localidad y un municipio de la provincia de L\u00e9rida (Lleida), en Catalu\u00f1a, capital de la comarca del Pallars\",\"breadcrumb\":{\"@id\":\"https:\\\/\\\/www.hostalcanjosep.com\\\/en\\\/about-sort\\\/#breadcrumb\"},\"inLanguage\":\"en-US\",\"potentialAction\":[{\"@type\":\"ReadAction\",\"target\":[\"https:\\\/\\\/www.hostalcanjosep.com\\\/en\\\/about-sort\\\/\"]}]},{\"@type\":\"ImageObject\",\"inLanguage\":\"en-US\",\"@id\":\"https:\\\/\\\/www.hostalcanjosep.com\\\/en\\\/about-sort\\\/#primaryimage\",\"url\":\"https:\\\/\\\/i0.wp.com\\\/www.hostalcanjosep.com\\\/wp-content\\\/uploads\\\/2022\\\/06\\\/IMG-4221-scaled.jpg?fit=2560%2C1920&ssl=1\",\"contentUrl\":\"https:\\\/\\\/i0.wp.com\\\/www.hostalcanjosep.com\\\/wp-content\\\/uploads\\\/2022\\\/06\\\/IMG-4221-scaled.jpg?fit=2560%2C1920&ssl=1\",\"width\":2560,\"height\":1920},{\"@type\":\"BreadcrumbList\",\"@id\":\"https:\\\/\\\/www.hostalcanjosep.com\\\/en\\\/about-sort\\\/#breadcrumb\",\"itemListElement\":[{\"@type\":\"ListItem\",\"position\":1,\"name\":\"Inicio\",\"item\":\"https:\\\/\\\/www.hostalcanjosep.com\\\/\"},{\"@type\":\"ListItem\",\"position\":2,\"name\":\"About Sort\"}]},{\"@type\":\"WebSite\",\"@id\":\"https:\\\/\\\/www.hostalcanjosep.com\\\/#website\",\"url\":\"https:\\\/\\\/www.hostalcanjosep.com\\\/\",\"name\":\"Hostal Can Josep\",\"description\":\"Hotel in Sort, Pallars Sobir\u00e0 - Lleida\",\"publisher\":{\"@id\":\"https:\\\/\\\/www.hostalcanjosep.com\\\/#organization\"},\"potentialAction\":[{\"@type\":\"SearchAction\",\"target\":{\"@type\":\"EntryPoint\",\"urlTemplate\":\"https:\\\/\\\/www.hostalcanjosep.com\\\/?s={search_term_string}\"},\"query-input\":{\"@type\":\"PropertyValueSpecification\",\"valueRequired\":true,\"valueName\":\"search_term_string\"}}],\"inLanguage\":\"en-US\"},{\"@type\":\"Organization\",\"@id\":\"https:\\\/\\\/www.hostalcanjosep.com\\\/#organization\",\"name\":\"HOSTAL CAN JOSEP\",\"url\":\"https:\\\/\\\/www.hostalcanjosep.com\\\/\",\"logo\":{\"@type\":\"ImageObject\",\"inLanguage\":\"en-US\",\"@id\":\"https:\\\/\\\/www.hostalcanjosep.com\\\/#\\\/schema\\\/logo\\\/image\\\/\",\"url\":\"https:\\\/\\\/i0.wp.com\\\/www.hostalcanjosep.com\\\/wp-content\\\/uploads\\\/2017\\\/02\\\/hostal-can-josep-logo.png?fit=596%2C255&ssl=1\",\"contentUrl\":\"https:\\\/\\\/i0.wp.com\\\/www.hostalcanjosep.com\\\/wp-content\\\/uploads\\\/2017\\\/02\\\/hostal-can-josep-logo.png?fit=596%2C255&ssl=1\",\"width\":596,\"height\":255,\"caption\":\"HOSTAL CAN JOSEP\"},\"image\":{\"@id\":\"https:\\\/\\\/www.hostalcanjosep.com\\\/#\\\/schema\\\/logo\\\/image\\\/\"},\"sameAs\":[\"https:\\\/\\\/www.facebook.com\\\/hostalcanjosep\\\/\"]}]}<\/script>\n<!-- \/ Yoast SEO plugin. -->","yoast_head_json":{"title":"Hostal Can Josep - Sort in the Pyrenees","description":"Sort en Lleida, Pallars Sobir\u00e0 Sort es una localidad y un municipio de la provincia de L\u00e9rida (Lleida), en Catalu\u00f1a, capital de la comarca del Pallars","robots":{"index":"index","follow":"follow","max-snippet":"max-snippet:-1","max-image-preview":"max-image-preview:large","max-video-preview":"max-video-preview:-1"},"canonical":"https:\/\/www.hostalcanjosep.com\/en\/about-sort\/","og_locale":"en_US","og_type":"article","og_title":"Hostal Can Josep - Sort in the Pyrenees","og_description":"Sort en Lleida, Pallars Sobir\u00e0 Sort es una localidad y un municipio de la provincia de L\u00e9rida (Lleida), en Catalu\u00f1a, capital de la comarca del Pallars","og_url":"https:\/\/www.hostalcanjosep.com\/en\/about-sort\/","og_site_name":"Hostal Can Josep","article_publisher":"https:\/\/www.facebook.com\/hostalcanjosep\/","article_modified_time":"2022-07-29T15:57:19+00:00","og_image":[{"width":2560,"height":1920,"url":"https:\/\/i0.wp.com\/www.hostalcanjosep.com\/wp-content\/uploads\/2022\/06\/IMG-4221-scaled.jpg?fit=2560%2C1920&ssl=1","type":"image\/jpeg"}],"twitter_card":"summary_large_image","twitter_misc":{"Est. reading time":"1 minute"},"schema":{"@context":"https:\/\/schema.org","@graph":[{"@type":"WebPage","@id":"https:\/\/www.hostalcanjosep.com\/en\/about-sort\/","url":"https:\/\/www.hostalcanjosep.com\/en\/about-sort\/","name":"Hostal Can Josep - Sort in the Pyrenees","isPartOf":{"@id":"https:\/\/www.hostalcanjosep.com\/#website"},"primaryImageOfPage":{"@id":"https:\/\/www.hostalcanjosep.com\/en\/about-sort\/#primaryimage"},"image":{"@id":"https:\/\/www.hostalcanjosep.com\/en\/about-sort\/#primaryimage"},"thumbnailUrl":"https:\/\/i0.wp.com\/www.hostalcanjosep.com\/wp-content\/uploads\/2022\/06\/IMG-4221-scaled.jpg?fit=2560%2C1920&ssl=1","datePublished":"2022-01-01T00:00:04+00:00","dateModified":"2022-07-29T15:57:19+00:00","description":"Sort en Lleida, Pallars Sobir\u00e0 Sort es una localidad y un municipio de la provincia de L\u00e9rida (Lleida), en Catalu\u00f1a, capital de la comarca del Pallars","breadcrumb":{"@id":"https:\/\/www.hostalcanjosep.com\/en\/about-sort\/#breadcrumb"},"inLanguage":"en-US","potentialAction":[{"@type":"ReadAction","target":["https:\/\/www.hostalcanjosep.com\/en\/about-sort\/"]}]},{"@type":"ImageObject","inLanguage":"en-US","@id":"https:\/\/www.hostalcanjosep.com\/en\/about-sort\/#primaryimage","url":"https:\/\/i0.wp.com\/www.hostalcanjosep.com\/wp-content\/uploads\/2022\/06\/IMG-4221-scaled.jpg?fit=2560%2C1920&ssl=1","contentUrl":"https:\/\/i0.wp.com\/www.hostalcanjosep.com\/wp-content\/uploads\/2022\/06\/IMG-4221-scaled.jpg?fit=2560%2C1920&ssl=1","width":2560,"height":1920},{"@type":"BreadcrumbList","@id":"https:\/\/www.hostalcanjosep.com\/en\/about-sort\/#breadcrumb","itemListElement":[{"@type":"ListItem","position":1,"name":"Inicio","item":"https:\/\/www.hostalcanjosep.com\/"},{"@type":"ListItem","position":2,"name":"About Sort"}]},{"@type":"WebSite","@id":"https:\/\/www.hostalcanjosep.com\/#website","url":"https:\/\/www.hostalcanjosep.com\/","name":"Hostal Can Josep","description":"Hotel in Sort, Pallars Sobir\u00e0 - Lleida","publisher":{"@id":"https:\/\/www.hostalcanjosep.com\/#organization"},"potentialAction":[{"@type":"SearchAction","target":{"@type":"EntryPoint","urlTemplate":"https:\/\/www.hostalcanjosep.com\/?s={search_term_string}"},"query-input":{"@type":"PropertyValueSpecification","valueRequired":true,"valueName":"search_term_string"}}],"inLanguage":"en-US"},{"@type":"Organization","@id":"https:\/\/www.hostalcanjosep.com\/#organization","name":"HOSTAL CAN JOSEP","url":"https:\/\/www.hostalcanjosep.com\/","logo":{"@type":"ImageObject","inLanguage":"en-US","@id":"https:\/\/www.hostalcanjosep.com\/#\/schema\/logo\/image\/","url":"https:\/\/i0.wp.com\/www.hostalcanjosep.com\/wp-content\/uploads\/2017\/02\/hostal-can-josep-logo.png?fit=596%2C255&ssl=1","contentUrl":"https:\/\/i0.wp.com\/www.hostalcanjosep.com\/wp-content\/uploads\/2017\/02\/hostal-can-josep-logo.png?fit=596%2C255&ssl=1","width":596,"height":255,"caption":"HOSTAL CAN JOSEP"},"image":{"@id":"https:\/\/www.hostalcanjosep.com\/#\/schema\/logo\/image\/"},"sameAs":["https:\/\/www.facebook.com\/hostalcanjosep\/"]}]}},"jetpack_sharing_enabled":true,"_links":{"self":[{"href":"https:\/\/www.hostalcanjosep.com\/en\/wp-json\/wp\/v2\/pages\/521","targetHints":{"allow":["GET"]}}],"collection":[{"href":"https:\/\/www.hostalcanjosep.com\/en\/wp-json\/wp\/v2\/pages"}],"about":[{"href":"https:\/\/www.hostalcanjosep.com\/en\/wp-json\/wp\/v2\/types\/page"}],"author":[{"embeddable":true,"href":"https:\/\/www.hostalcanjosep.com\/en\/wp-json\/wp\/v2\/users\/1"}],"replies":[{"embeddable":true,"href":"https:\/\/www.hostalcanjosep.com\/en\/wp-json\/wp\/v2\/comments?post=521"}],"version-history":[{"count":0,"href":"https:\/\/www.hostalcanjosep.com\/en\/wp-json\/wp\/v2\/pages\/521\/revisions"}],"wp:featuredmedia":[{"embeddable":true,"href":"https:\/\/www.hostalcanjosep.com\/en\/wp-json\/wp\/v2\/media\/1805"}],"wp:attachment":[{"href":"https:\/\/www.hostalcanjosep.com\/en\/wp-json\/wp\/v2\/media?parent=521"}],"curies":[{"name":"wp","href":"https:\/\/api.w.org\/{rel}","templated":true}]}}