{"id":519,"date":"2022-01-01T00:00:50","date_gmt":"2022-01-01T00:00:50","guid":{"rendered":"http:\/\/www.hostalcanjosep.com\/?page_id=519"},"modified":"2023-08-09T18:39:57","modified_gmt":"2023-08-09T18:39:57","slug":"hotel","status":"publish","type":"page","link":"https:\/\/www.hostalcanjosep.com\/en\/","title":{"rendered":"Hostal Can Josep in Sort"},"content":{"rendered":"<p><\/p>\n<h1>Welcome to Hostal Can Josep<\/h1>\n<p>Hostal Can Josep is a 2-star economic hostal and restaurant located in the village of Sort, capital of Pallars Sobir\u00e0.<\/p>\n<p>Can Josep is located in a rural place a few meters from the Noguera Pallaresa river, one of the best in Europe for whitewater sports and only 30 kilometers from the <a href=\"https:\/\/www.catalunya.com\/aiguestortes-i-estany-de-sant-maurici-national-park-17-17001-573521?language=en\">National Park of Aig\u00fcestortes and Estany de Sant Maurici<\/a>.<\/p>\n<p>Sort is a privileged place where you can practice sports and mountain activities such as horse riding, trekking, mountain biking, quad biking and of course rafting, hydrospeed, canyoning, kayaking and canoeing.<\/p>\n<p>For winter sports lovers, Can Josep is a starting point for sports such as skiing on the skii resorts of Espot Esqu\u00ed, Tavascan, Port-Ain\u00e9 or Baqueira Beret.<\/p>\n<h2>You will feel like home<\/h2>\n<p>Since 1978 Can Josep has a loyal national and international costumers, thanks to an exquisite family treatment, comfortable rooms, an unbeatable location surrounded by beautiful forests and mountains, and especially for the excellent local cuisine of its restaurant, a gastronomic offer with the most succulent typical plates of Pallars Sobir\u00e0.<\/p>\n<p>In summer, a large terrace will allow you to enjoy a quiet time while sipping your favorite drink outside our small hotel.<\/p>\n<p>&nbsp;<\/p>\n<p><a class=\"ttfmake-button\" style=\"background: green;\" href=\"https:\/\/www.hostalcanjosep.com\/en\/reservations\">Book Now<\/a>&nbsp;<\/p>","protected":false},"excerpt":{"rendered":"<p>Welcome to Hostal Can Josep Hostal Can Josep is a 2-star economic hostal and restaurant located in the village of Sort, capital of Pallars Sobir\u00e0. Can Josep is located in a rural place a few meters from the Noguera Pallaresa river, one of the best in Europe for whitewater sports and only 30 kilometers from &hellip;<\/p>\n","protected":false},"author":1,"featured_media":1788,"parent":0,"menu_order":0,"comment_status":"closed","ping_status":"closed","template":"","meta":{"footnotes":""},"class_list":["post-519","page","type-page","status-publish","has-post-thumbnail","hentry"],"yoast_head":"<!-- This site is optimized with the Yoast SEO plugin v27.5 - https:\/\/yoast.com\/product\/yoast-seo-wordpress\/ -->\n<title>Hostal Can Josep | Hotel en Sort, te sentir\u00e1s como en casa.<\/title>\n<meta name=\"description\" content=\"Hostal Can Josep es un hotel econ\u00f3mico de trato familiar en Sort, Pallars Sobir\u00e0. Disfruta de los platos de nuestro restaurante en nuestra casa rural.\" \/>\n<meta name=\"robots\" content=\"index, follow, max-snippet:-1, max-image-preview:large, max-video-preview:-1\" \/>\n<link rel=\"canonical\" href=\"https:\/\/www.hostalcanjosep.com\/\" \/>\n<meta property=\"og:locale\" content=\"en_US\" \/>\n<meta property=\"og:type\" content=\"article\" \/>\n<meta property=\"og:title\" content=\"Hostal Can Josep | Hotel en Sort, te sentir\u00e1s como en casa.\" \/>\n<meta property=\"og:description\" content=\"Hostal Can Josep es un hotel econ\u00f3mico de trato familiar en Sort, Pallars Sobir\u00e0. Disfruta de los platos de nuestro restaurante en nuestra casa rural.\" \/>\n<meta property=\"og:url\" content=\"https:\/\/www.hostalcanjosep.com\/\" \/>\n<meta property=\"og:site_name\" content=\"Hostal Can Josep\" \/>\n<meta property=\"article:publisher\" content=\"https:\/\/www.facebook.com\/hostalcanjosep\/\" \/>\n<meta property=\"article:modified_time\" content=\"2023-08-09T18:39:57+00:00\" \/>\n<meta property=\"og:image\" content=\"https:\/\/i0.wp.com\/www.hostalcanjosep.com\/wp-content\/uploads\/2022\/06\/IMG-4112-scaled.jpg?fit=2560%2C1920&ssl=1\" \/>\n\t<meta property=\"og:image:width\" content=\"2560\" \/>\n\t<meta property=\"og:image:height\" content=\"1920\" \/>\n\t<meta property=\"og:image:type\" content=\"image\/jpeg\" \/>\n<meta name=\"twitter:card\" content=\"summary_large_image\" \/>\n<meta name=\"twitter:label1\" content=\"Est. reading time\" \/>\n\t<meta name=\"twitter:data1\" content=\"2 minutes\" \/>\n<script type=\"application\/ld+json\" class=\"yoast-schema-graph\">{\"@context\":\"https:\\\/\\\/schema.org\",\"@graph\":[{\"@type\":\"WebPage\",\"@id\":\"https:\\\/\\\/www.hostalcanjosep.com\\\/\",\"url\":\"https:\\\/\\\/www.hostalcanjosep.com\\\/\",\"name\":\"Hostal Can Josep | Hotel en Sort, te sentir\u00e1s como en casa.\",\"isPartOf\":{\"@id\":\"https:\\\/\\\/www.hostalcanjosep.com\\\/#website\"},\"primaryImageOfPage\":{\"@id\":\"https:\\\/\\\/www.hostalcanjosep.com\\\/#primaryimage\"},\"image\":{\"@id\":\"https:\\\/\\\/www.hostalcanjosep.com\\\/#primaryimage\"},\"thumbnailUrl\":\"https:\\\/\\\/i0.wp.com\\\/www.hostalcanjosep.com\\\/wp-content\\\/uploads\\\/2022\\\/06\\\/IMG-4112-scaled.jpg?fit=2560%2C1920&ssl=1\",\"datePublished\":\"2022-01-01T00:00:50+00:00\",\"dateModified\":\"2023-08-09T18:39:57+00:00\",\"description\":\"Hostal Can Josep es un hotel econ\u00f3mico de trato familiar en Sort, Pallars Sobir\u00e0. Disfruta de los platos de nuestro restaurante en nuestra casa rural.\",\"breadcrumb\":{\"@id\":\"https:\\\/\\\/www.hostalcanjosep.com\\\/#breadcrumb\"},\"inLanguage\":\"en-US\",\"potentialAction\":[{\"@type\":\"ReadAction\",\"target\":[\"https:\\\/\\\/www.hostalcanjosep.com\\\/\"]}]},{\"@type\":\"ImageObject\",\"inLanguage\":\"en-US\",\"@id\":\"https:\\\/\\\/www.hostalcanjosep.com\\\/#primaryimage\",\"url\":\"https:\\\/\\\/i0.wp.com\\\/www.hostalcanjosep.com\\\/wp-content\\\/uploads\\\/2022\\\/06\\\/IMG-4112-scaled.jpg?fit=2560%2C1920&ssl=1\",\"contentUrl\":\"https:\\\/\\\/i0.wp.com\\\/www.hostalcanjosep.com\\\/wp-content\\\/uploads\\\/2022\\\/06\\\/IMG-4112-scaled.jpg?fit=2560%2C1920&ssl=1\",\"width\":2560,\"height\":1920,\"caption\":\"Hostal Can Josep\"},{\"@type\":\"BreadcrumbList\",\"@id\":\"https:\\\/\\\/www.hostalcanjosep.com\\\/#breadcrumb\",\"itemListElement\":[{\"@type\":\"ListItem\",\"position\":1,\"name\":\"Inicio\",\"item\":\"https:\\\/\\\/www.hostalcanjosep.com\\\/\"},{\"@type\":\"ListItem\",\"position\":2,\"name\":\"Hotel econ\u00f3mico en Sort\"}]},{\"@type\":\"WebSite\",\"@id\":\"https:\\\/\\\/www.hostalcanjosep.com\\\/#website\",\"url\":\"https:\\\/\\\/www.hostalcanjosep.com\\\/\",\"name\":\"Hostal Can Josep\",\"description\":\"Hotel in Sort, Pallars Sobir\u00e0 - Lleida\",\"publisher\":{\"@id\":\"https:\\\/\\\/www.hostalcanjosep.com\\\/#organization\"},\"potentialAction\":[{\"@type\":\"SearchAction\",\"target\":{\"@type\":\"EntryPoint\",\"urlTemplate\":\"https:\\\/\\\/www.hostalcanjosep.com\\\/?s={search_term_string}\"},\"query-input\":{\"@type\":\"PropertyValueSpecification\",\"valueRequired\":true,\"valueName\":\"search_term_string\"}}],\"inLanguage\":\"en-US\"},{\"@type\":\"Organization\",\"@id\":\"https:\\\/\\\/www.hostalcanjosep.com\\\/#organization\",\"name\":\"HOSTAL CAN JOSEP\",\"url\":\"https:\\\/\\\/www.hostalcanjosep.com\\\/\",\"logo\":{\"@type\":\"ImageObject\",\"inLanguage\":\"en-US\",\"@id\":\"https:\\\/\\\/www.hostalcanjosep.com\\\/#\\\/schema\\\/logo\\\/image\\\/\",\"url\":\"https:\\\/\\\/i0.wp.com\\\/www.hostalcanjosep.com\\\/wp-content\\\/uploads\\\/2017\\\/02\\\/hostal-can-josep-logo.png?fit=596%2C255&ssl=1\",\"contentUrl\":\"https:\\\/\\\/i0.wp.com\\\/www.hostalcanjosep.com\\\/wp-content\\\/uploads\\\/2017\\\/02\\\/hostal-can-josep-logo.png?fit=596%2C255&ssl=1\",\"width\":596,\"height\":255,\"caption\":\"HOSTAL CAN JOSEP\"},\"image\":{\"@id\":\"https:\\\/\\\/www.hostalcanjosep.com\\\/#\\\/schema\\\/logo\\\/image\\\/\"},\"sameAs\":[\"https:\\\/\\\/www.facebook.com\\\/hostalcanjosep\\\/\"]}]}<\/script>\n<!-- \/ Yoast SEO plugin. -->","yoast_head_json":{"title":"Hostal Can Josep | Hotel en Sort, te sentir\u00e1s como en casa.","description":"Hostal Can Josep es un hotel econ\u00f3mico de trato familiar en Sort, Pallars Sobir\u00e0. Disfruta de los platos de nuestro restaurante en nuestra casa rural.","robots":{"index":"index","follow":"follow","max-snippet":"max-snippet:-1","max-image-preview":"max-image-preview:large","max-video-preview":"max-video-preview:-1"},"canonical":"https:\/\/www.hostalcanjosep.com\/","og_locale":"en_US","og_type":"article","og_title":"Hostal Can Josep | Hotel en Sort, te sentir\u00e1s como en casa.","og_description":"Hostal Can Josep es un hotel econ\u00f3mico de trato familiar en Sort, Pallars Sobir\u00e0. Disfruta de los platos de nuestro restaurante en nuestra casa rural.","og_url":"https:\/\/www.hostalcanjosep.com\/","og_site_name":"Hostal Can Josep","article_publisher":"https:\/\/www.facebook.com\/hostalcanjosep\/","article_modified_time":"2023-08-09T18:39:57+00:00","og_image":[{"width":2560,"height":1920,"url":"https:\/\/i0.wp.com\/www.hostalcanjosep.com\/wp-content\/uploads\/2022\/06\/IMG-4112-scaled.jpg?fit=2560%2C1920&ssl=1","type":"image\/jpeg"}],"twitter_card":"summary_large_image","twitter_misc":{"Est. reading time":"2 minutes"},"schema":{"@context":"https:\/\/schema.org","@graph":[{"@type":"WebPage","@id":"https:\/\/www.hostalcanjosep.com\/","url":"https:\/\/www.hostalcanjosep.com\/","name":"Hostal Can Josep | Hotel en Sort, te sentir\u00e1s como en casa.","isPartOf":{"@id":"https:\/\/www.hostalcanjosep.com\/#website"},"primaryImageOfPage":{"@id":"https:\/\/www.hostalcanjosep.com\/#primaryimage"},"image":{"@id":"https:\/\/www.hostalcanjosep.com\/#primaryimage"},"thumbnailUrl":"https:\/\/i0.wp.com\/www.hostalcanjosep.com\/wp-content\/uploads\/2022\/06\/IMG-4112-scaled.jpg?fit=2560%2C1920&ssl=1","datePublished":"2022-01-01T00:00:50+00:00","dateModified":"2023-08-09T18:39:57+00:00","description":"Hostal Can Josep es un hotel econ\u00f3mico de trato familiar en Sort, Pallars Sobir\u00e0. Disfruta de los platos de nuestro restaurante en nuestra casa rural.","breadcrumb":{"@id":"https:\/\/www.hostalcanjosep.com\/#breadcrumb"},"inLanguage":"en-US","potentialAction":[{"@type":"ReadAction","target":["https:\/\/www.hostalcanjosep.com\/"]}]},{"@type":"ImageObject","inLanguage":"en-US","@id":"https:\/\/www.hostalcanjosep.com\/#primaryimage","url":"https:\/\/i0.wp.com\/www.hostalcanjosep.com\/wp-content\/uploads\/2022\/06\/IMG-4112-scaled.jpg?fit=2560%2C1920&ssl=1","contentUrl":"https:\/\/i0.wp.com\/www.hostalcanjosep.com\/wp-content\/uploads\/2022\/06\/IMG-4112-scaled.jpg?fit=2560%2C1920&ssl=1","width":2560,"height":1920,"caption":"Hostal Can Josep"},{"@type":"BreadcrumbList","@id":"https:\/\/www.hostalcanjosep.com\/#breadcrumb","itemListElement":[{"@type":"ListItem","position":1,"name":"Inicio","item":"https:\/\/www.hostalcanjosep.com\/"},{"@type":"ListItem","position":2,"name":"Hotel econ\u00f3mico en Sort"}]},{"@type":"WebSite","@id":"https:\/\/www.hostalcanjosep.com\/#website","url":"https:\/\/www.hostalcanjosep.com\/","name":"Hostal Can Josep","description":"Hotel in Sort, Pallars Sobir\u00e0 - Lleida","publisher":{"@id":"https:\/\/www.hostalcanjosep.com\/#organization"},"potentialAction":[{"@type":"SearchAction","target":{"@type":"EntryPoint","urlTemplate":"https:\/\/www.hostalcanjosep.com\/?s={search_term_string}"},"query-input":{"@type":"PropertyValueSpecification","valueRequired":true,"valueName":"search_term_string"}}],"inLanguage":"en-US"},{"@type":"Organization","@id":"https:\/\/www.hostalcanjosep.com\/#organization","name":"HOSTAL CAN JOSEP","url":"https:\/\/www.hostalcanjosep.com\/","logo":{"@type":"ImageObject","inLanguage":"en-US","@id":"https:\/\/www.hostalcanjosep.com\/#\/schema\/logo\/image\/","url":"https:\/\/i0.wp.com\/www.hostalcanjosep.com\/wp-content\/uploads\/2017\/02\/hostal-can-josep-logo.png?fit=596%2C255&ssl=1","contentUrl":"https:\/\/i0.wp.com\/www.hostalcanjosep.com\/wp-content\/uploads\/2017\/02\/hostal-can-josep-logo.png?fit=596%2C255&ssl=1","width":596,"height":255,"caption":"HOSTAL CAN JOSEP"},"image":{"@id":"https:\/\/www.hostalcanjosep.com\/#\/schema\/logo\/image\/"},"sameAs":["https:\/\/www.facebook.com\/hostalcanjosep\/"]}]}},"jetpack_sharing_enabled":true,"_links":{"self":[{"href":"https:\/\/www.hostalcanjosep.com\/en\/wp-json\/wp\/v2\/pages\/519","targetHints":{"allow":["GET"]}}],"collection":[{"href":"https:\/\/www.hostalcanjosep.com\/en\/wp-json\/wp\/v2\/pages"}],"about":[{"href":"https:\/\/www.hostalcanjosep.com\/en\/wp-json\/wp\/v2\/types\/page"}],"author":[{"embeddable":true,"href":"https:\/\/www.hostalcanjosep.com\/en\/wp-json\/wp\/v2\/users\/1"}],"replies":[{"embeddable":true,"href":"https:\/\/www.hostalcanjosep.com\/en\/wp-json\/wp\/v2\/comments?post=519"}],"version-history":[{"count":0,"href":"https:\/\/www.hostalcanjosep.com\/en\/wp-json\/wp\/v2\/pages\/519\/revisions"}],"wp:featuredmedia":[{"embeddable":true,"href":"https:\/\/www.hostalcanjosep.com\/en\/wp-json\/wp\/v2\/media\/1788"}],"wp:attachment":[{"href":"https:\/\/www.hostalcanjosep.com\/en\/wp-json\/wp\/v2\/media?parent=519"}],"curies":[{"name":"wp","href":"https:\/\/api.w.org\/{rel}","templated":true}]}}