{"id":30,"date":"2022-01-01T00:00:13","date_gmt":"2022-01-01T00:00:13","guid":{"rendered":"http:\/\/www.hostalcanjosep.com\/?page_id=30"},"modified":"2022-07-01T21:19:02","modified_gmt":"2022-07-01T21:19:02","slug":"acerca-de-can-josep","status":"publish","type":"page","link":"https:\/\/www.hostalcanjosep.com\/en\/about-can-josep\/","title":{"rendered":"About Can Josep"},"content":{"rendered":"<p><\/p>\n<h1>Our History<\/h1>\n<p><img data-recalc-dims=\"1\" loading=\"lazy\" decoding=\"async\" class=\"alignleft wp-image-31\" src=\"https:\/\/i0.wp.com\/www.hostalcanjosep.com\/wp-content\/uploads\/2011\/03\/16804141_1242004812513395_3946573388845447456_o.jpg?resize=622%2C350&#038;ssl=1\" alt=\"\" width=\"622\" height=\"350\" \/>&nbsp;<br \/>\nHostal Can Josep was founded in 1978 by Josep Capdevila and Rosa Adu\u00e0 with the intention of offering Spanish and French tourists, who came to Sort to spend the summer, an alternative to hotels. Its purpose: a small hostal with a familiar treatment, where the clients were one more of the house and felt like in their own home.<\/p>\n<p>Since then and until today, tourists from all over the world: People from Spain, Japan, Israel, The United States, England, and even from Tasmania in Australia have enjoyed the hospitality of Can Josep, the mountains of Sort and its valley, the gastronomy of Pallars Sobir\u00e0, the snow and skiing, and rafting in the waters of the Noguera Pallaresa river.<\/p>\n<p>Welcome to Hostal Can Josep. You will feel like you&#8217;re at home.<\/p>","protected":false},"excerpt":{"rendered":"<p>Our History &nbsp; Hostal Can Josep was founded in 1978 by Josep Capdevila and Rosa Adu\u00e0 with the intention of offering Spanish and French tourists, who came to Sort to spend the summer, an alternative to hotels. Its purpose: a small hostal with a familiar treatment, where the clients were one more of the house &hellip;<\/p>\n","protected":false},"author":1,"featured_media":0,"parent":0,"menu_order":0,"comment_status":"closed","ping_status":"open","template":"","meta":{"footnotes":""},"class_list":["post-30","page","type-page","status-publish","hentry"],"yoast_head":"<!-- This site is optimized with the Yoast SEO plugin v27.5 - https:\/\/yoast.com\/product\/yoast-seo-wordpress\/ -->\n<title>About Can Josep - Hostal Can Josep<\/title>\n<meta name=\"description\" content=\"Nuestra Historia &nbsp; Hostal Can Josep fue fundado en el a\u00f1o 1978 por Josep Capdevila y Rosa Adu\u00e0 con la intenci\u00f3n de ofrecer a los turistas espa\u00f1oles y\" \/>\n<meta name=\"robots\" content=\"index, follow, max-snippet:-1, max-image-preview:large, max-video-preview:-1\" \/>\n<link rel=\"canonical\" href=\"https:\/\/www.hostalcanjosep.com\/acerca-de-can-josep\/\" \/>\n<meta property=\"og:locale\" content=\"en_US\" \/>\n<meta property=\"og:type\" content=\"article\" \/>\n<meta property=\"og:title\" content=\"About Can Josep - Hostal Can Josep\" \/>\n<meta property=\"og:description\" content=\"Nuestra Historia &nbsp; Hostal Can Josep fue fundado en el a\u00f1o 1978 por Josep Capdevila y Rosa Adu\u00e0 con la intenci\u00f3n de ofrecer a los turistas espa\u00f1oles y\" \/>\n<meta property=\"og:url\" content=\"https:\/\/www.hostalcanjosep.com\/acerca-de-can-josep\/\" \/>\n<meta property=\"og:site_name\" content=\"Hostal Can Josep\" \/>\n<meta property=\"article:publisher\" content=\"https:\/\/www.facebook.com\/hostalcanjosep\/\" \/>\n<meta property=\"article:modified_time\" content=\"2022-07-01T21:19:02+00:00\" \/>\n<meta property=\"og:image\" content=\"https:\/\/www.hostalcanjosep.com\/wp-content\/uploads\/2011\/03\/16804141_1242004812513395_3946573388845447456_o.jpg\" \/>\n<meta name=\"twitter:card\" content=\"summary_large_image\" \/>\n<meta name=\"twitter:label1\" content=\"Est. reading time\" \/>\n\t<meta name=\"twitter:data1\" content=\"1 minute\" \/>\n<script type=\"application\/ld+json\" class=\"yoast-schema-graph\">{\"@context\":\"https:\\\/\\\/schema.org\",\"@graph\":[{\"@type\":\"WebPage\",\"@id\":\"https:\\\/\\\/www.hostalcanjosep.com\\\/acerca-de-can-josep\\\/\",\"url\":\"https:\\\/\\\/www.hostalcanjosep.com\\\/acerca-de-can-josep\\\/\",\"name\":\"About Can Josep - Hostal Can Josep\",\"isPartOf\":{\"@id\":\"https:\\\/\\\/www.hostalcanjosep.com\\\/#website\"},\"primaryImageOfPage\":{\"@id\":\"https:\\\/\\\/www.hostalcanjosep.com\\\/acerca-de-can-josep\\\/#primaryimage\"},\"image\":{\"@id\":\"https:\\\/\\\/www.hostalcanjosep.com\\\/acerca-de-can-josep\\\/#primaryimage\"},\"thumbnailUrl\":\"https:\\\/\\\/www.hostalcanjosep.com\\\/wp-content\\\/uploads\\\/2011\\\/03\\\/16804141_1242004812513395_3946573388845447456_o.jpg\",\"datePublished\":\"2022-01-01T00:00:13+00:00\",\"dateModified\":\"2022-07-01T21:19:02+00:00\",\"description\":\"Nuestra Historia &nbsp; Hostal Can Josep fue fundado en el a\u00f1o 1978 por Josep Capdevila y Rosa Adu\u00e0 con la intenci\u00f3n de ofrecer a los turistas espa\u00f1oles y\",\"breadcrumb\":{\"@id\":\"https:\\\/\\\/www.hostalcanjosep.com\\\/acerca-de-can-josep\\\/#breadcrumb\"},\"inLanguage\":\"en-US\",\"potentialAction\":[{\"@type\":\"ReadAction\",\"target\":[\"https:\\\/\\\/www.hostalcanjosep.com\\\/acerca-de-can-josep\\\/\"]}]},{\"@type\":\"ImageObject\",\"inLanguage\":\"en-US\",\"@id\":\"https:\\\/\\\/www.hostalcanjosep.com\\\/acerca-de-can-josep\\\/#primaryimage\",\"url\":\"https:\\\/\\\/www.hostalcanjosep.com\\\/wp-content\\\/uploads\\\/2011\\\/03\\\/16804141_1242004812513395_3946573388845447456_o.jpg\",\"contentUrl\":\"https:\\\/\\\/www.hostalcanjosep.com\\\/wp-content\\\/uploads\\\/2011\\\/03\\\/16804141_1242004812513395_3946573388845447456_o.jpg\"},{\"@type\":\"BreadcrumbList\",\"@id\":\"https:\\\/\\\/www.hostalcanjosep.com\\\/acerca-de-can-josep\\\/#breadcrumb\",\"itemListElement\":[{\"@type\":\"ListItem\",\"position\":1,\"name\":\"Inicio\",\"item\":\"https:\\\/\\\/www.hostalcanjosep.com\\\/\"},{\"@type\":\"ListItem\",\"position\":2,\"name\":\"Acerca de Can Josep\"}]},{\"@type\":\"WebSite\",\"@id\":\"https:\\\/\\\/www.hostalcanjosep.com\\\/#website\",\"url\":\"https:\\\/\\\/www.hostalcanjosep.com\\\/\",\"name\":\"Hostal Can Josep\",\"description\":\"Hotel in Sort, Pallars Sobir\u00e0 - Lleida\",\"publisher\":{\"@id\":\"https:\\\/\\\/www.hostalcanjosep.com\\\/#organization\"},\"potentialAction\":[{\"@type\":\"SearchAction\",\"target\":{\"@type\":\"EntryPoint\",\"urlTemplate\":\"https:\\\/\\\/www.hostalcanjosep.com\\\/?s={search_term_string}\"},\"query-input\":{\"@type\":\"PropertyValueSpecification\",\"valueRequired\":true,\"valueName\":\"search_term_string\"}}],\"inLanguage\":\"en-US\"},{\"@type\":\"Organization\",\"@id\":\"https:\\\/\\\/www.hostalcanjosep.com\\\/#organization\",\"name\":\"HOSTAL CAN JOSEP\",\"url\":\"https:\\\/\\\/www.hostalcanjosep.com\\\/\",\"logo\":{\"@type\":\"ImageObject\",\"inLanguage\":\"en-US\",\"@id\":\"https:\\\/\\\/www.hostalcanjosep.com\\\/#\\\/schema\\\/logo\\\/image\\\/\",\"url\":\"https:\\\/\\\/i0.wp.com\\\/www.hostalcanjosep.com\\\/wp-content\\\/uploads\\\/2017\\\/02\\\/hostal-can-josep-logo.png?fit=596%2C255&ssl=1\",\"contentUrl\":\"https:\\\/\\\/i0.wp.com\\\/www.hostalcanjosep.com\\\/wp-content\\\/uploads\\\/2017\\\/02\\\/hostal-can-josep-logo.png?fit=596%2C255&ssl=1\",\"width\":596,\"height\":255,\"caption\":\"HOSTAL CAN JOSEP\"},\"image\":{\"@id\":\"https:\\\/\\\/www.hostalcanjosep.com\\\/#\\\/schema\\\/logo\\\/image\\\/\"},\"sameAs\":[\"https:\\\/\\\/www.facebook.com\\\/hostalcanjosep\\\/\"]}]}<\/script>\n<!-- \/ Yoast SEO plugin. -->","yoast_head_json":{"title":"About Can Josep - Hostal Can Josep","description":"Nuestra Historia &nbsp; Hostal Can Josep fue fundado en el a\u00f1o 1978 por Josep Capdevila y Rosa Adu\u00e0 con la intenci\u00f3n de ofrecer a los turistas espa\u00f1oles y","robots":{"index":"index","follow":"follow","max-snippet":"max-snippet:-1","max-image-preview":"max-image-preview:large","max-video-preview":"max-video-preview:-1"},"canonical":"https:\/\/www.hostalcanjosep.com\/acerca-de-can-josep\/","og_locale":"en_US","og_type":"article","og_title":"About Can Josep - Hostal Can Josep","og_description":"Nuestra Historia &nbsp; Hostal Can Josep fue fundado en el a\u00f1o 1978 por Josep Capdevila y Rosa Adu\u00e0 con la intenci\u00f3n de ofrecer a los turistas espa\u00f1oles y","og_url":"https:\/\/www.hostalcanjosep.com\/acerca-de-can-josep\/","og_site_name":"Hostal Can Josep","article_publisher":"https:\/\/www.facebook.com\/hostalcanjosep\/","article_modified_time":"2022-07-01T21:19:02+00:00","og_image":[{"url":"https:\/\/www.hostalcanjosep.com\/wp-content\/uploads\/2011\/03\/16804141_1242004812513395_3946573388845447456_o.jpg","type":"","width":"","height":""}],"twitter_card":"summary_large_image","twitter_misc":{"Est. reading time":"1 minute"},"schema":{"@context":"https:\/\/schema.org","@graph":[{"@type":"WebPage","@id":"https:\/\/www.hostalcanjosep.com\/acerca-de-can-josep\/","url":"https:\/\/www.hostalcanjosep.com\/acerca-de-can-josep\/","name":"About Can Josep - Hostal Can Josep","isPartOf":{"@id":"https:\/\/www.hostalcanjosep.com\/#website"},"primaryImageOfPage":{"@id":"https:\/\/www.hostalcanjosep.com\/acerca-de-can-josep\/#primaryimage"},"image":{"@id":"https:\/\/www.hostalcanjosep.com\/acerca-de-can-josep\/#primaryimage"},"thumbnailUrl":"https:\/\/www.hostalcanjosep.com\/wp-content\/uploads\/2011\/03\/16804141_1242004812513395_3946573388845447456_o.jpg","datePublished":"2022-01-01T00:00:13+00:00","dateModified":"2022-07-01T21:19:02+00:00","description":"Nuestra Historia &nbsp; Hostal Can Josep fue fundado en el a\u00f1o 1978 por Josep Capdevila y Rosa Adu\u00e0 con la intenci\u00f3n de ofrecer a los turistas espa\u00f1oles y","breadcrumb":{"@id":"https:\/\/www.hostalcanjosep.com\/acerca-de-can-josep\/#breadcrumb"},"inLanguage":"en-US","potentialAction":[{"@type":"ReadAction","target":["https:\/\/www.hostalcanjosep.com\/acerca-de-can-josep\/"]}]},{"@type":"ImageObject","inLanguage":"en-US","@id":"https:\/\/www.hostalcanjosep.com\/acerca-de-can-josep\/#primaryimage","url":"https:\/\/www.hostalcanjosep.com\/wp-content\/uploads\/2011\/03\/16804141_1242004812513395_3946573388845447456_o.jpg","contentUrl":"https:\/\/www.hostalcanjosep.com\/wp-content\/uploads\/2011\/03\/16804141_1242004812513395_3946573388845447456_o.jpg"},{"@type":"BreadcrumbList","@id":"https:\/\/www.hostalcanjosep.com\/acerca-de-can-josep\/#breadcrumb","itemListElement":[{"@type":"ListItem","position":1,"name":"Inicio","item":"https:\/\/www.hostalcanjosep.com\/"},{"@type":"ListItem","position":2,"name":"Acerca de Can Josep"}]},{"@type":"WebSite","@id":"https:\/\/www.hostalcanjosep.com\/#website","url":"https:\/\/www.hostalcanjosep.com\/","name":"Hostal Can Josep","description":"Hotel in Sort, Pallars Sobir\u00e0 - Lleida","publisher":{"@id":"https:\/\/www.hostalcanjosep.com\/#organization"},"potentialAction":[{"@type":"SearchAction","target":{"@type":"EntryPoint","urlTemplate":"https:\/\/www.hostalcanjosep.com\/?s={search_term_string}"},"query-input":{"@type":"PropertyValueSpecification","valueRequired":true,"valueName":"search_term_string"}}],"inLanguage":"en-US"},{"@type":"Organization","@id":"https:\/\/www.hostalcanjosep.com\/#organization","name":"HOSTAL CAN JOSEP","url":"https:\/\/www.hostalcanjosep.com\/","logo":{"@type":"ImageObject","inLanguage":"en-US","@id":"https:\/\/www.hostalcanjosep.com\/#\/schema\/logo\/image\/","url":"https:\/\/i0.wp.com\/www.hostalcanjosep.com\/wp-content\/uploads\/2017\/02\/hostal-can-josep-logo.png?fit=596%2C255&ssl=1","contentUrl":"https:\/\/i0.wp.com\/www.hostalcanjosep.com\/wp-content\/uploads\/2017\/02\/hostal-can-josep-logo.png?fit=596%2C255&ssl=1","width":596,"height":255,"caption":"HOSTAL CAN JOSEP"},"image":{"@id":"https:\/\/www.hostalcanjosep.com\/#\/schema\/logo\/image\/"},"sameAs":["https:\/\/www.facebook.com\/hostalcanjosep\/"]}]}},"jetpack_sharing_enabled":true,"_links":{"self":[{"href":"https:\/\/www.hostalcanjosep.com\/en\/wp-json\/wp\/v2\/pages\/30","targetHints":{"allow":["GET"]}}],"collection":[{"href":"https:\/\/www.hostalcanjosep.com\/en\/wp-json\/wp\/v2\/pages"}],"about":[{"href":"https:\/\/www.hostalcanjosep.com\/en\/wp-json\/wp\/v2\/types\/page"}],"author":[{"embeddable":true,"href":"https:\/\/www.hostalcanjosep.com\/en\/wp-json\/wp\/v2\/users\/1"}],"replies":[{"embeddable":true,"href":"https:\/\/www.hostalcanjosep.com\/en\/wp-json\/wp\/v2\/comments?post=30"}],"version-history":[{"count":0,"href":"https:\/\/www.hostalcanjosep.com\/en\/wp-json\/wp\/v2\/pages\/30\/revisions"}],"wp:attachment":[{"href":"https:\/\/www.hostalcanjosep.com\/en\/wp-json\/wp\/v2\/media?parent=30"}],"curies":[{"name":"wp","href":"https:\/\/api.w.org\/{rel}","templated":true}]}}