{"id":23,"date":"2022-01-01T00:00:27","date_gmt":"2022-01-01T00:00:27","guid":{"rendered":"http:\/\/www.hostalcanjosep.com\/?page_id=23"},"modified":"2023-12-16T22:33:57","modified_gmt":"2023-12-16T22:33:57","slug":"restaurante-en-sort","status":"publish","type":"page","link":"https:\/\/www.hostalcanjosep.com\/en\/restaurant-en\/","title":{"rendered":"Restaurant in Sort"},"content":{"rendered":"<p><\/p>\n<h1>The Restaurant<\/h1>\n<p><img data-recalc-dims=\"1\" loading=\"lazy\" decoding=\"async\" class=\"alignleft wp-image-70\" src=\"https:\/\/i0.wp.com\/www.hostalcanjosep.com\/wp-content\/uploads\/2022\/06\/IMG-4135-scaled.jpg?resize=639%2C479&#038;ssl=1\" alt=\"\" width=\"639\" height=\"479\" \/><\/p>\n<p><img data-recalc-dims=\"1\" loading=\"lazy\" decoding=\"async\" class=\"alignleft size-medium wp-image-70\" src=\"https:\/\/i0.wp.com\/www.hostalcanjosep.com\/wp-content\/uploads\/2022\/06\/IMG-4139-scaled.jpg?resize=639%2C479&#038;ssl=1\" alt=\"\" width=\"639\" height=\"479\" \/><\/p>\n<p><img data-recalc-dims=\"1\" loading=\"lazy\" decoding=\"async\" class=\"alignleft size-medium wp-image-70\" src=\"https:\/\/i0.wp.com\/www.hostalcanjosep.com\/wp-content\/uploads\/2022\/06\/IMG-4137-1-scaled.jpg?resize=639%2C479&#038;ssl=1\" alt=\"\" width=\"639\" height=\"479\" \/><\/p>\n<p>&nbsp;<br \/>\n<strong>Rosita and Rosa<\/strong>, the owners, are also in charge of the kitchen, with special emphasis on the preparation of the different plates and desserts on the menu.<\/p>\n<p>The plates of Can Josep&#8217;s Restaurant, are elaborated according to a family tradition and choosing only the best products of the market.<\/p>\n<p>Hostal Can Josep offers a carefully selected and elaborated daily menu.<\/p>\n<p>Our breakfasts are famous for our free buffet with all kinds of sausages such as the typical &#8216;xol\u00eds&#8217; and cheese boards of Pallars Sobir\u00e0. <\/p>\n<p>Menu at an unbeatable price in an air-conditioned and heated dining room.<\/p>\n<p><strong>These are some of the plates on our menu:<\/strong><\/p>\n<ul>\n<li>Escudella barrejada.<\/li>\n<li>Trinxat de col y patata con butifarra negra y beicon.<\/li>\n<li>Tostada de escalivada con anchoas.<\/li>\n<li>Esp\u00e1rragos con pat\u00e9.<\/li>\n<li>Tostada con queso del Tup\u00ed de &#8220;<a href=\"https:\/\/www.trosdesort.cat\/\" rel=\"noopener\" target=\"_blank\">El Tros De Sort<\/a>&#8220;.<\/li>\n<li>Sopa de cebolla con huevo gratinada.<\/li>\n<li>Mejillones con ajo y perejil.<\/li>\n<li>Conejo a la brasa con alioli.<\/li>\n<li>Longaniza a la brasa.<\/li>\n<li>Fricand\u00f3 de ternera en salsa y setas.<\/li>\n<li>Pollo en salsa y champi\u00f1ones.<\/li>\n<li>Churrasco de ternera a la brasa.<\/li>\n<li>Ternasco de cordero en salsa y setas.<\/li>\n<li>Cordero a la brasa.<\/li>\n<li>Confitado de cerdo (Tupina).<\/li>\n<li>Galta de cerdo.<\/li>\n<li>Cola de rape en salsa y almejas.<\/li>\n<li>Cola de ternera en salsa y setas.<\/li>\n<li>Lomo relleno de pansas y pi\u00f1ones.<\/li>\n<li>Redondo de ternera en salsa y setas.<\/li>\n<li>Conejo relleno de carne y pasas.<\/li>\n<li>Hamburguesa de ternera a la brasa con huevos fritos.<\/li>\n<\/ul>\n<p><strong>And also a wide selection of desserts such as &#8220;Filiberto&#8221;, sheep yogurt home made from &#8220;<a href=\"https:\/\/www.formatgeriacasamateu.com\/\">Casa Mateu<\/a>&#8221; or flan and cream catalan home made.<\/strong><\/p>\n<p><\/p>","protected":false},"excerpt":{"rendered":"<p>The Restaurant &nbsp; Rosita and Rosa, the owners, are also in charge of the kitchen, with special emphasis on the preparation of the different plates and desserts on the menu. The plates of Can Josep&#8217;s Restaurant, are elaborated according to a family tradition and choosing only the best products of the market. Hostal Can Josep &hellip;<\/p>\n","protected":false},"author":1,"featured_media":1792,"parent":0,"menu_order":0,"comment_status":"closed","ping_status":"open","template":"","meta":{"footnotes":""},"class_list":["post-23","page","type-page","status-publish","has-post-thumbnail","hentry"],"yoast_head":"<!-- This site is optimized with the Yoast SEO plugin v27.4 - https:\/\/yoast.com\/product\/yoast-seo-wordpress\/ -->\n<title>Can Josep - Restaurant in Sort - Men\u00fa Diario 18,00\u20ac El Restaurante Sort - Hostal Can Josep<\/title>\n<meta name=\"description\" content=\"Restaurante Can Josep - Restaurante en Sort, Pallars Sobir\u00e0. Men\u00fa casero aut\u00f3ctono diario. Comedor con aire acondicionado y calefacci\u00f3n.\" \/>\n<meta name=\"robots\" content=\"index, follow, max-snippet:-1, max-image-preview:large, max-video-preview:-1\" \/>\n<link rel=\"canonical\" href=\"https:\/\/www.hostalcanjosep.com\/restaurante\/\" \/>\n<meta property=\"og:locale\" content=\"en_US\" \/>\n<meta property=\"og:type\" content=\"article\" \/>\n<meta property=\"og:title\" content=\"Can Josep - Restaurant in Sort - Men\u00fa Diario 18,00\u20ac El Restaurante Sort - Hostal Can Josep\" \/>\n<meta property=\"og:description\" content=\"Restaurante Can Josep - Restaurante en Sort, Pallars Sobir\u00e0. Men\u00fa casero aut\u00f3ctono diario. Comedor con aire acondicionado y calefacci\u00f3n.\" \/>\n<meta property=\"og:url\" content=\"https:\/\/www.hostalcanjosep.com\/restaurante\/\" \/>\n<meta property=\"og:site_name\" content=\"Hostal Can Josep\" \/>\n<meta property=\"article:publisher\" content=\"https:\/\/www.facebook.com\/hostalcanjosep\/\" \/>\n<meta property=\"article:modified_time\" content=\"2023-12-16T22:33:57+00:00\" \/>\n<meta property=\"og:image\" content=\"https:\/\/i0.wp.com\/www.hostalcanjosep.com\/wp-content\/uploads\/2022\/06\/IMG-4135-scaled.jpg?fit=2560%2C1920&ssl=1\" \/>\n\t<meta property=\"og:image:width\" content=\"2560\" \/>\n\t<meta property=\"og:image:height\" content=\"1920\" \/>\n\t<meta property=\"og:image:type\" content=\"image\/jpeg\" \/>\n<meta name=\"twitter:card\" content=\"summary_large_image\" \/>\n<meta name=\"twitter:label1\" content=\"Est. reading time\" \/>\n\t<meta name=\"twitter:data1\" content=\"2 minutes\" \/>\n<script type=\"application\/ld+json\" class=\"yoast-schema-graph\">{\"@context\":\"https:\\\/\\\/schema.org\",\"@graph\":[{\"@type\":\"WebPage\",\"@id\":\"https:\\\/\\\/www.hostalcanjosep.com\\\/restaurante\\\/\",\"url\":\"https:\\\/\\\/www.hostalcanjosep.com\\\/restaurante\\\/\",\"name\":\"Can Josep - Restaurant in Sort - Men\u00fa Diario 18,00\u20ac El Restaurante Sort - Hostal Can Josep\",\"isPartOf\":{\"@id\":\"https:\\\/\\\/www.hostalcanjosep.com\\\/#website\"},\"primaryImageOfPage\":{\"@id\":\"https:\\\/\\\/www.hostalcanjosep.com\\\/restaurante\\\/#primaryimage\"},\"image\":{\"@id\":\"https:\\\/\\\/www.hostalcanjosep.com\\\/restaurante\\\/#primaryimage\"},\"thumbnailUrl\":\"https:\\\/\\\/i0.wp.com\\\/www.hostalcanjosep.com\\\/wp-content\\\/uploads\\\/2022\\\/06\\\/IMG-4135-scaled.jpg?fit=2560%2C1920&ssl=1\",\"datePublished\":\"2022-01-01T00:00:27+00:00\",\"dateModified\":\"2023-12-16T22:33:57+00:00\",\"description\":\"Restaurante Can Josep - Restaurante en Sort, Pallars Sobir\u00e0. Men\u00fa casero aut\u00f3ctono diario. Comedor con aire acondicionado y calefacci\u00f3n.\",\"breadcrumb\":{\"@id\":\"https:\\\/\\\/www.hostalcanjosep.com\\\/restaurante\\\/#breadcrumb\"},\"inLanguage\":\"en-US\",\"potentialAction\":[{\"@type\":\"ReadAction\",\"target\":[\"https:\\\/\\\/www.hostalcanjosep.com\\\/restaurante\\\/\"]}]},{\"@type\":\"ImageObject\",\"inLanguage\":\"en-US\",\"@id\":\"https:\\\/\\\/www.hostalcanjosep.com\\\/restaurante\\\/#primaryimage\",\"url\":\"https:\\\/\\\/i0.wp.com\\\/www.hostalcanjosep.com\\\/wp-content\\\/uploads\\\/2022\\\/06\\\/IMG-4135-scaled.jpg?fit=2560%2C1920&ssl=1\",\"contentUrl\":\"https:\\\/\\\/i0.wp.com\\\/www.hostalcanjosep.com\\\/wp-content\\\/uploads\\\/2022\\\/06\\\/IMG-4135-scaled.jpg?fit=2560%2C1920&ssl=1\",\"width\":2560,\"height\":1920,\"caption\":\"Restaurant\"},{\"@type\":\"BreadcrumbList\",\"@id\":\"https:\\\/\\\/www.hostalcanjosep.com\\\/restaurante\\\/#breadcrumb\",\"itemListElement\":[{\"@type\":\"ListItem\",\"position\":1,\"name\":\"Inicio\",\"item\":\"https:\\\/\\\/www.hostalcanjosep.com\\\/\"},{\"@type\":\"ListItem\",\"position\":2,\"name\":\"Restaurante en Sort\"}]},{\"@type\":\"WebSite\",\"@id\":\"https:\\\/\\\/www.hostalcanjosep.com\\\/#website\",\"url\":\"https:\\\/\\\/www.hostalcanjosep.com\\\/\",\"name\":\"Hostal Can Josep\",\"description\":\"Hotel in Sort, Pallars Sobir\u00e0 - Lleida\",\"publisher\":{\"@id\":\"https:\\\/\\\/www.hostalcanjosep.com\\\/#organization\"},\"potentialAction\":[{\"@type\":\"SearchAction\",\"target\":{\"@type\":\"EntryPoint\",\"urlTemplate\":\"https:\\\/\\\/www.hostalcanjosep.com\\\/?s={search_term_string}\"},\"query-input\":{\"@type\":\"PropertyValueSpecification\",\"valueRequired\":true,\"valueName\":\"search_term_string\"}}],\"inLanguage\":\"en-US\"},{\"@type\":\"Organization\",\"@id\":\"https:\\\/\\\/www.hostalcanjosep.com\\\/#organization\",\"name\":\"HOSTAL CAN JOSEP\",\"url\":\"https:\\\/\\\/www.hostalcanjosep.com\\\/\",\"logo\":{\"@type\":\"ImageObject\",\"inLanguage\":\"en-US\",\"@id\":\"https:\\\/\\\/www.hostalcanjosep.com\\\/#\\\/schema\\\/logo\\\/image\\\/\",\"url\":\"https:\\\/\\\/i0.wp.com\\\/www.hostalcanjosep.com\\\/wp-content\\\/uploads\\\/2017\\\/02\\\/hostal-can-josep-logo.png?fit=596%2C255&ssl=1\",\"contentUrl\":\"https:\\\/\\\/i0.wp.com\\\/www.hostalcanjosep.com\\\/wp-content\\\/uploads\\\/2017\\\/02\\\/hostal-can-josep-logo.png?fit=596%2C255&ssl=1\",\"width\":596,\"height\":255,\"caption\":\"HOSTAL CAN JOSEP\"},\"image\":{\"@id\":\"https:\\\/\\\/www.hostalcanjosep.com\\\/#\\\/schema\\\/logo\\\/image\\\/\"},\"sameAs\":[\"https:\\\/\\\/www.facebook.com\\\/hostalcanjosep\\\/\"]}]}<\/script>\n<!-- \/ Yoast SEO plugin. -->","yoast_head_json":{"title":"Can Josep - Restaurant in Sort - Men\u00fa Diario 18,00\u20ac El Restaurante Sort - Hostal Can Josep","description":"Restaurante Can Josep - Restaurante en Sort, Pallars Sobir\u00e0. Men\u00fa casero aut\u00f3ctono diario. Comedor con aire acondicionado y calefacci\u00f3n.","robots":{"index":"index","follow":"follow","max-snippet":"max-snippet:-1","max-image-preview":"max-image-preview:large","max-video-preview":"max-video-preview:-1"},"canonical":"https:\/\/www.hostalcanjosep.com\/restaurante\/","og_locale":"en_US","og_type":"article","og_title":"Can Josep - Restaurant in Sort - Men\u00fa Diario 18,00\u20ac El Restaurante Sort - Hostal Can Josep","og_description":"Restaurante Can Josep - Restaurante en Sort, Pallars Sobir\u00e0. Men\u00fa casero aut\u00f3ctono diario. Comedor con aire acondicionado y calefacci\u00f3n.","og_url":"https:\/\/www.hostalcanjosep.com\/restaurante\/","og_site_name":"Hostal Can Josep","article_publisher":"https:\/\/www.facebook.com\/hostalcanjosep\/","article_modified_time":"2023-12-16T22:33:57+00:00","og_image":[{"width":2560,"height":1920,"url":"https:\/\/i0.wp.com\/www.hostalcanjosep.com\/wp-content\/uploads\/2022\/06\/IMG-4135-scaled.jpg?fit=2560%2C1920&ssl=1","type":"image\/jpeg"}],"twitter_card":"summary_large_image","twitter_misc":{"Est. reading time":"2 minutes"},"schema":{"@context":"https:\/\/schema.org","@graph":[{"@type":"WebPage","@id":"https:\/\/www.hostalcanjosep.com\/restaurante\/","url":"https:\/\/www.hostalcanjosep.com\/restaurante\/","name":"Can Josep - Restaurant in Sort - Men\u00fa Diario 18,00\u20ac El Restaurante Sort - Hostal Can Josep","isPartOf":{"@id":"https:\/\/www.hostalcanjosep.com\/#website"},"primaryImageOfPage":{"@id":"https:\/\/www.hostalcanjosep.com\/restaurante\/#primaryimage"},"image":{"@id":"https:\/\/www.hostalcanjosep.com\/restaurante\/#primaryimage"},"thumbnailUrl":"https:\/\/i0.wp.com\/www.hostalcanjosep.com\/wp-content\/uploads\/2022\/06\/IMG-4135-scaled.jpg?fit=2560%2C1920&ssl=1","datePublished":"2022-01-01T00:00:27+00:00","dateModified":"2023-12-16T22:33:57+00:00","description":"Restaurante Can Josep - Restaurante en Sort, Pallars Sobir\u00e0. Men\u00fa casero aut\u00f3ctono diario. Comedor con aire acondicionado y calefacci\u00f3n.","breadcrumb":{"@id":"https:\/\/www.hostalcanjosep.com\/restaurante\/#breadcrumb"},"inLanguage":"en-US","potentialAction":[{"@type":"ReadAction","target":["https:\/\/www.hostalcanjosep.com\/restaurante\/"]}]},{"@type":"ImageObject","inLanguage":"en-US","@id":"https:\/\/www.hostalcanjosep.com\/restaurante\/#primaryimage","url":"https:\/\/i0.wp.com\/www.hostalcanjosep.com\/wp-content\/uploads\/2022\/06\/IMG-4135-scaled.jpg?fit=2560%2C1920&ssl=1","contentUrl":"https:\/\/i0.wp.com\/www.hostalcanjosep.com\/wp-content\/uploads\/2022\/06\/IMG-4135-scaled.jpg?fit=2560%2C1920&ssl=1","width":2560,"height":1920,"caption":"Restaurant"},{"@type":"BreadcrumbList","@id":"https:\/\/www.hostalcanjosep.com\/restaurante\/#breadcrumb","itemListElement":[{"@type":"ListItem","position":1,"name":"Inicio","item":"https:\/\/www.hostalcanjosep.com\/"},{"@type":"ListItem","position":2,"name":"Restaurante en Sort"}]},{"@type":"WebSite","@id":"https:\/\/www.hostalcanjosep.com\/#website","url":"https:\/\/www.hostalcanjosep.com\/","name":"Hostal Can Josep","description":"Hotel in Sort, Pallars Sobir\u00e0 - Lleida","publisher":{"@id":"https:\/\/www.hostalcanjosep.com\/#organization"},"potentialAction":[{"@type":"SearchAction","target":{"@type":"EntryPoint","urlTemplate":"https:\/\/www.hostalcanjosep.com\/?s={search_term_string}"},"query-input":{"@type":"PropertyValueSpecification","valueRequired":true,"valueName":"search_term_string"}}],"inLanguage":"en-US"},{"@type":"Organization","@id":"https:\/\/www.hostalcanjosep.com\/#organization","name":"HOSTAL CAN JOSEP","url":"https:\/\/www.hostalcanjosep.com\/","logo":{"@type":"ImageObject","inLanguage":"en-US","@id":"https:\/\/www.hostalcanjosep.com\/#\/schema\/logo\/image\/","url":"https:\/\/i0.wp.com\/www.hostalcanjosep.com\/wp-content\/uploads\/2017\/02\/hostal-can-josep-logo.png?fit=596%2C255&ssl=1","contentUrl":"https:\/\/i0.wp.com\/www.hostalcanjosep.com\/wp-content\/uploads\/2017\/02\/hostal-can-josep-logo.png?fit=596%2C255&ssl=1","width":596,"height":255,"caption":"HOSTAL CAN JOSEP"},"image":{"@id":"https:\/\/www.hostalcanjosep.com\/#\/schema\/logo\/image\/"},"sameAs":["https:\/\/www.facebook.com\/hostalcanjosep\/"]}]}},"jetpack_sharing_enabled":true,"_links":{"self":[{"href":"https:\/\/www.hostalcanjosep.com\/en\/wp-json\/wp\/v2\/pages\/23","targetHints":{"allow":["GET"]}}],"collection":[{"href":"https:\/\/www.hostalcanjosep.com\/en\/wp-json\/wp\/v2\/pages"}],"about":[{"href":"https:\/\/www.hostalcanjosep.com\/en\/wp-json\/wp\/v2\/types\/page"}],"author":[{"embeddable":true,"href":"https:\/\/www.hostalcanjosep.com\/en\/wp-json\/wp\/v2\/users\/1"}],"replies":[{"embeddable":true,"href":"https:\/\/www.hostalcanjosep.com\/en\/wp-json\/wp\/v2\/comments?post=23"}],"version-history":[{"count":0,"href":"https:\/\/www.hostalcanjosep.com\/en\/wp-json\/wp\/v2\/pages\/23\/revisions"}],"wp:featuredmedia":[{"embeddable":true,"href":"https:\/\/www.hostalcanjosep.com\/en\/wp-json\/wp\/v2\/media\/1792"}],"wp:attachment":[{"href":"https:\/\/www.hostalcanjosep.com\/en\/wp-json\/wp\/v2\/media?parent=23"}],"curies":[{"name":"wp","href":"https:\/\/api.w.org\/{rel}","templated":true}]}}