{"id":836,"date":"2018-05-24T17:14:37","date_gmt":"2018-05-24T17:14:37","guid":{"rendered":"https:\/\/www.hostalcanjosep.com\/?page_id=836"},"modified":"2022-06-27T20:57:24","modified_gmt":"2022-06-27T20:57:24","slug":"privacidad","status":"publish","type":"page","link":"https:\/\/www.hostalcanjosep.com\/ca\/privadesa\/","title":{"rendered":"Privadesa"},"content":{"rendered":"<p><\/p>\n<h2> Pol\u00edtica de privadesa<\/h2>\n<h3>Qui som?<\/h3>\n<p>Hostal Can Josep \u00e9s un hostal econ\u00f2mic de 2 estrelles situat al municipi de Sort, capital del Pallars Sobir\u00e0.<\/p>\n<p>La nostra adre\u00e7a web \u00e9s https:\/\/www.hostalcanjosep.com.<\/p>\n<h2>Quines dades personals recopilem i per qu\u00e8 la recopilem?<\/h2>\n<h3>La informaci\u00f3 que recopilem<\/h3>\n<p>Aquest av\u00eds s&#8217;aplica a tota la informaci\u00f3 recopilada o enviada en aquest lloc web. En algunes p\u00e0gines, pot utilitzar el formulari de contacte, fer reserves i registrar-se. Els tipus d&#8217;informaci\u00f3 personal recopilats en aquestes p\u00e0gines s\u00f3n:<\/p>\n<p>&#8211; Nom<br \/>\n&#8211; Adre\u00e7a de correu electr\u00f2nic<br \/>\n&#8211; N\u00famero de tel\u00e8fon<\/p>\n<h3>Comentaris<\/h3>\n<p>Quan els visitants deixen comentaris al lloc, recopilem les dades que es mostren al formulari de comentaris, aix\u00ed com l&#8217;adre\u00e7a IP del visitant i la cadena d&#8217;agent d&#8217;usuari del navegador per ajudar a detectar correu brossa.<\/p>\n<p>Tamb\u00e9 es pot proporcionar una cadena an\u00f2nima creada a partir de la vostra adre\u00e7a de correu electr\u00f2nic (tamb\u00e9 anomenada hash) al servei de Gravatar per veure si la utilitzeu. La pol\u00edtica de privadesa del servei Gravatar est\u00e0 disponible aqu\u00ed: https:\/\/automattic.com\/privacy\/. Despr\u00e9s de l&#8217;aprovaci\u00f3 del vostre comentari, la vostra foto de perfil \u00e9s visible per al p\u00fablic en el context del vostre comentari.<br \/>\nMitjans de comunicaci\u00f3<\/p>\n<p>Si carregueu imatges al lloc web, heu d&#8217;evitar la c\u00e0rrega d&#8217;imatges amb dades d&#8217;ubicaci\u00f3 incrustada (EXIF GPS) incloses. Els visitants del lloc web poden descarregar i extreure les dades d&#8217;ubicaci\u00f3 de les imatges del lloc web.<br \/>\nFormularis de contacte \/ Cookies<\/p>\n<p>Si deixes un comentari al nostre lloc, pots optar per desar el teu nom, adre\u00e7a electr\u00f2nica i lloc web a les galetes. Aquests s\u00f3n per a la seva comoditat perqu\u00e8 no h\u00e0giu d&#8217;omplir les vostres dades de nou quan deixeu un altre comentari. Aquestes galetes duraran un any.<\/p>\n<p>Si teniu un compte i accedeix a aquest lloc, establirem una galeta temporal per determinar si el vostre navegador accepta cookies. Aquesta cookie no cont\u00e9 dades personals i es descarten quan tanqueu el vostre navegador.<\/p>\n<p>Quan inicieu la sessi\u00f3, tamb\u00e9 configurarem diverses galetes per desar la informaci\u00f3 d&#8217;inici de sessi\u00f3 i les opcions de visualitzaci\u00f3 de la pantalla. Les cookies d&#8217;acc\u00e9s tenen una durada de dos dies i les galetes d&#8217;opcions de pantalla tenen una durada d&#8217;un any. Si seleccioneu &#8220;Recordeu-me&#8221;, el vostre inici de sessi\u00f3 continuar\u00e0 durant dues setmanes. Si tanqueu el vostre compte, se suprimiran les galetes d&#8217;inici de sessi\u00f3.<\/p>\n<p>Si editeu o publiqueu un article, es desar\u00e0 una galeta addicional al vostre navegador. Aquesta cookie no inclou dades personals i simplement indica la identificaci\u00f3 de publicaci\u00f3 de l&#8217;article que acabeu d&#8217;editar. Venci despr\u00e9s d&#8217;1 dia.<br \/>\nContingut incrustat d&#8217;altres llocs web<\/p>\n<p>Els articles d&#8217;aquest lloc poden incloure contingut incrustat (per exemple, v\u00eddeos, imatges, articles, etc.). El contingut incrustat d&#8217;altres llocs web es comporta de la mateixa manera que si el visitant hagi visitat l&#8217;altre lloc web.<\/p>\n<p>Aquests llocs web poden recopilar dades sobre vost\u00e8s, utilitzar galetes, incrustar un seguiment addicional de tercers i controlar la vostra interacci\u00f3 amb aquest contingut incrustat, incloent-hi el seguiment de la vostra interacci\u00f3 amb el contingut incrustat si teniu un compte i heu iniciat la sessi\u00f3 a aquest lloc web.<\/p>\n<h3>Amb qui compartim les vostres dades<\/h3>\n<p>Mai compartim les vostres dades. Tanmateix, els serveis de tercers, com Google AdSense, poden recopilar les vostres dades a trav\u00e9s dels seus anuncis.<\/p>\n<p>Els principis publicitaris de Google poden resumir els requisits publicitaris de Google. Es posen en marxa per oferir una experi\u00e8ncia positiva per als usuaris. https:\/\/support.google.com\/adwordspolicy\/answer\/1316548?hl=ca<\/p>\n<h4>Desactivaci\u00f3:<\/h4>\n<p>Els usuaris poden establir prefer\u00e8ncies sobre com Google us anuncia mitjan\u00e7ant la p\u00e0gina Configuraci\u00f3 dels anuncis de Google. Com a alternativa, podeu desactivar-vos visitant la p\u00e0gina d&#8217;inici de la publicitat de la publicitat de la xarxa o b\u00e9 utilitzant el complement del navegador desactivat de Google Analytics.<\/p>\n<p>No venem, comercialitzem ni transmetem a tercers la vostra informaci\u00f3 d&#8217;identificaci\u00f3 personal a menys que proporcionem als usuaris un av\u00eds previ. Aix\u00f2 no inclou associats d&#8217;allotjament web i altres parts que ens ajudin a operar el nostre lloc web, dirigir el nostre negoci o servir als nostres usuaris, sempre que aquestes parts acceptin mantenir confidencial aquesta informaci\u00f3. Tamb\u00e9 podem publicar informaci\u00f3 quan el seu llan\u00e7ament \u00e9s apropiat per complir la llei, fer complir les pol\u00edtiques del nostre lloc o protegir els drets, la propietat o la seguretat dels altres.<\/p>\n<h3>Quant de temps conservem les vostres dades?<\/h3>\n<p>Si deixes un comentari, el comentari i les seves metadades es conserven indefinidament. Aix\u00f2 \u00e9s aix\u00ed que podem recon\u00e8ixer i aprovar els comentaris de seguiment autom\u00e0ticament en comptes de mantenir-los en una cua de moderaci\u00f3.<\/p>\n<p>Per als usuaris que es registrin al nostre lloc web (si n&#8217;hi ha), tamb\u00e9 emmagatzemem la informaci\u00f3 personal que proporcionen en el seu perfil d&#8217;usuari. Tots els usuaris poden veure, editar o eliminar la seva informaci\u00f3 personal en qualsevol moment (excepte que no poden canviar el seu nom d&#8217;usuari). Els administradors de llocs web tamb\u00e9 poden veure i editar aquesta informaci\u00f3.<br \/>\nQuins drets tens sobre les teves dades<\/p>\n<p>Si teniu un compte en aquest lloc o heu deixat comentaris, podeu sol\u00b7licitar rebre un fitxer exportat de les dades personals que tenim sobre vosaltres, incloses les dades que ens h\u00e0giu proporcionat. Tamb\u00e9 podeu sol\u00b7licitar que esborrin les dades personals que tenim sobre vosaltres. Aix\u00f2 no inclou cap dada que estiguem obligada a mantenir per raons administratives, legals o de seguretat.<\/p>\n<h3>On enviem les vostres dades<\/h3>\n<p>Els comentaris dels visitants es poden consultar a trav\u00e9s d&#8217;un servei de detecci\u00f3 autom\u00e0tica de correu brossa.<\/p>\n<h3>La vostra informaci\u00f3 de contacte<\/h3>\n<p>No recopilem informaci\u00f3 dels visitants, per\u00f2 recollirem la informaci\u00f3 que ens proporcioni quan utilitzi els nostres formularis de contacte. <\/p>\n<h2>Informaci\u00f3 addicional.<\/h2>\n<h3>Enlla\u00e7os de tercers.<\/h3>\n<p>A la nostra discreci\u00f3, podem vincular-nos a llocs web de tercers. Aquests llocs de tercers tenen pol\u00edtiques de privadesa independents i independents. Per tant, no tenim responsabilitat ni responsabilitat pel contingut i les activitats d&#8217;aquests llocs enlla\u00e7ats. Tanmateix, busquem protegir la integritat del nostre lloc i acollim qualsevol comentari sobre aquests llocs. <\/p>\n<h2>Com protegirem els vostres dades.<\/h2>\n<h3>Quins procediments de violaci\u00f3 de dades tenim? <\/h3>\n<p>Per tal d&#8217;estar alineats amb les Pr\u00e0ctiques de la informaci\u00f3 equitativa, adoptarem les seg\u00fcents accions de resposta, en cas que es produeixi una infracci\u00f3 de dades: us notificar\u00e0 per correu electr\u00f2nic dins d&#8217;un dia laborable. Tamb\u00e9 acceptem el principi de rebuig individual que requereix que les persones tinguin el dret de perseguir legalment els drets executables contra els que no compleixin la llei. Aquest principi no nom\u00e9s requereix que els individus tinguin drets executables contra els usuaris de dades, sin\u00f3 que tamb\u00e9 es recorre als tribunals o ag\u00e8ncies governamentals per investigar i \/ o perseguir el no compliment dels processadors de dades. <\/p>\n<h3>De quins tercers rebem dades?<\/h3>\n<p>De les dades an\u00f2nimes de les estad\u00edstiques de WordPress y \/ o Google Analytics, \u00e9s a dir: nombre de clics, visualitzacions de p\u00e0gines, termes de cerca, cerques principals, etc. Aquestes estad\u00edstiques s\u00f3n totalment an\u00f2nimes i no obtenim dades dels usuaris. <\/p>\n<h3>Contacteu amb nosaltres<\/h3>\n<p>Si teniu alguna pregunta relacionada amb aquesta pol\u00edtica de privadesa, podeu contactar amb nosaltres mitjan\u00e7ant el nostre formulari de contacte.<\/p>\n<p><strong>Hostal Can Josep, Carretera de la Seu d\u2019 Urgell, 12, 25560 Sort, Lleida.<br \/>\nTel. : <a href=\"tel:+34973620176\">(+34) 973 620 176<\/a> &#8211; <a href=\"tel:+34973673984\">(+34) 973 673 984<\/a>.<\/strong><\/p>","protected":false},"excerpt":{"rendered":"<p>Pol\u00edtica de privadesa Qui som? Hostal Can Josep \u00e9s un hostal econ\u00f2mic de 2 estrelles situat al municipi de Sort, capital del Pallars Sobir\u00e0. La nostra adre\u00e7a web \u00e9s https:\/\/www.hostalcanjosep.com. Quines dades personals recopilem i per qu\u00e8 la recopilem? La informaci\u00f3 que recopilem Aquest av\u00eds s&#8217;aplica a tota la informaci\u00f3 recopilada o enviada en aquest &hellip;<\/p>\n","protected":false},"author":1,"featured_media":0,"parent":0,"menu_order":0,"comment_status":"closed","ping_status":"closed","template":"","meta":{"footnotes":""},"class_list":["post-836","page","type-page","status-publish","hentry"],"yoast_head":"<!-- This site is optimized with the Yoast SEO plugin v27.6 - https:\/\/yoast.com\/product\/yoast-seo-wordpress\/ -->\n<title>Privadesa - Hostal Can Josep<\/title>\n<meta name=\"description\" content=\"Pol\u00edtica de privacidad Quienes somos Hostal Can Josep es un hostal econ\u00f3mico de 2 estrellas situado en el municipio de Sort, capital del Pallars Sobir\u00e0.\" \/>\n<meta name=\"robots\" content=\"noindex, nofollow\" \/>\n<meta property=\"og:locale\" content=\"ca_ES\" \/>\n<meta property=\"og:type\" content=\"article\" \/>\n<meta property=\"og:title\" content=\"Privadesa - Hostal Can Josep\" \/>\n<meta property=\"og:description\" content=\"Pol\u00edtica de privacidad Quienes somos Hostal Can Josep es un hostal econ\u00f3mico de 2 estrellas situado en el municipio de Sort, capital del Pallars Sobir\u00e0.\" \/>\n<meta property=\"og:url\" content=\"https:\/\/www.hostalcanjosep.com\/en\/privacy\/\" \/>\n<meta property=\"og:site_name\" content=\"Hostal Can Josep\" \/>\n<meta property=\"article:publisher\" content=\"https:\/\/www.facebook.com\/hostalcanjosep\/\" \/>\n<meta property=\"article:modified_time\" content=\"2022-06-27T20:57:24+00:00\" \/>\n<meta name=\"twitter:card\" content=\"summary_large_image\" \/>\n<meta name=\"twitter:label1\" content=\"Est. reading time\" \/>\n\t<meta name=\"twitter:data1\" content=\"18 minutes\" \/>\n<script type=\"application\/ld+json\" class=\"yoast-schema-graph\">{\"@context\":\"https:\\\/\\\/schema.org\",\"@graph\":[{\"@type\":\"WebPage\",\"@id\":\"https:\\\/\\\/www.hostalcanjosep.com\\\/en\\\/privacy\\\/\",\"url\":\"https:\\\/\\\/www.hostalcanjosep.com\\\/en\\\/privacy\\\/\",\"name\":\"Privadesa - Hostal Can Josep\",\"isPartOf\":{\"@id\":\"https:\\\/\\\/www.hostalcanjosep.com\\\/#website\"},\"datePublished\":\"2018-05-24T17:14:37+00:00\",\"dateModified\":\"2022-06-27T20:57:24+00:00\",\"description\":\"Pol\u00edtica de privacidad Quienes somos Hostal Can Josep es un hostal econ\u00f3mico de 2 estrellas situado en el municipio de Sort, capital del Pallars Sobir\u00e0.\",\"breadcrumb\":{\"@id\":\"https:\\\/\\\/www.hostalcanjosep.com\\\/en\\\/privacy\\\/#breadcrumb\"},\"inLanguage\":\"ca-ES\",\"potentialAction\":[{\"@type\":\"ReadAction\",\"target\":[\"https:\\\/\\\/www.hostalcanjosep.com\\\/en\\\/privacy\\\/\"]}]},{\"@type\":\"BreadcrumbList\",\"@id\":\"https:\\\/\\\/www.hostalcanjosep.com\\\/en\\\/privacy\\\/#breadcrumb\",\"itemListElement\":[{\"@type\":\"ListItem\",\"position\":1,\"name\":\"Inicio\",\"item\":\"https:\\\/\\\/www.hostalcanjosep.com\\\/\"},{\"@type\":\"ListItem\",\"position\":2,\"name\":\"Privacy\"}]},{\"@type\":\"WebSite\",\"@id\":\"https:\\\/\\\/www.hostalcanjosep.com\\\/#website\",\"url\":\"https:\\\/\\\/www.hostalcanjosep.com\\\/\",\"name\":\"Hostal Can Josep\",\"description\":\"Hotel a Sort, Pallars Sobir\u00e0 - Lleida\",\"publisher\":{\"@id\":\"https:\\\/\\\/www.hostalcanjosep.com\\\/#organization\"},\"potentialAction\":[{\"@type\":\"SearchAction\",\"target\":{\"@type\":\"EntryPoint\",\"urlTemplate\":\"https:\\\/\\\/www.hostalcanjosep.com\\\/?s={search_term_string}\"},\"query-input\":{\"@type\":\"PropertyValueSpecification\",\"valueRequired\":true,\"valueName\":\"search_term_string\"}}],\"inLanguage\":\"ca-ES\"},{\"@type\":\"Organization\",\"@id\":\"https:\\\/\\\/www.hostalcanjosep.com\\\/#organization\",\"name\":\"HOSTAL CAN JOSEP\",\"url\":\"https:\\\/\\\/www.hostalcanjosep.com\\\/\",\"logo\":{\"@type\":\"ImageObject\",\"inLanguage\":\"ca-ES\",\"@id\":\"https:\\\/\\\/www.hostalcanjosep.com\\\/#\\\/schema\\\/logo\\\/image\\\/\",\"url\":\"https:\\\/\\\/i0.wp.com\\\/www.hostalcanjosep.com\\\/wp-content\\\/uploads\\\/2017\\\/02\\\/hostal-can-josep-logo.png?fit=596%2C255&ssl=1\",\"contentUrl\":\"https:\\\/\\\/i0.wp.com\\\/www.hostalcanjosep.com\\\/wp-content\\\/uploads\\\/2017\\\/02\\\/hostal-can-josep-logo.png?fit=596%2C255&ssl=1\",\"width\":596,\"height\":255,\"caption\":\"HOSTAL CAN JOSEP\"},\"image\":{\"@id\":\"https:\\\/\\\/www.hostalcanjosep.com\\\/#\\\/schema\\\/logo\\\/image\\\/\"},\"sameAs\":[\"https:\\\/\\\/www.facebook.com\\\/hostalcanjosep\\\/\"]}]}<\/script>\n<!-- \/ Yoast SEO plugin. -->","yoast_head_json":{"title":"Privadesa - Hostal Can Josep","description":"Pol\u00edtica de privacidad Quienes somos Hostal Can Josep es un hostal econ\u00f3mico de 2 estrellas situado en el municipio de Sort, capital del Pallars Sobir\u00e0.","robots":{"index":"noindex","follow":"nofollow"},"og_locale":"ca_ES","og_type":"article","og_title":"Privadesa - Hostal Can Josep","og_description":"Pol\u00edtica de privacidad Quienes somos Hostal Can Josep es un hostal econ\u00f3mico de 2 estrellas situado en el municipio de Sort, capital del Pallars Sobir\u00e0.","og_url":"https:\/\/www.hostalcanjosep.com\/en\/privacy\/","og_site_name":"Hostal Can Josep","article_publisher":"https:\/\/www.facebook.com\/hostalcanjosep\/","article_modified_time":"2022-06-27T20:57:24+00:00","twitter_card":"summary_large_image","twitter_misc":{"Est. reading time":"18 minutes"},"schema":{"@context":"https:\/\/schema.org","@graph":[{"@type":"WebPage","@id":"https:\/\/www.hostalcanjosep.com\/en\/privacy\/","url":"https:\/\/www.hostalcanjosep.com\/en\/privacy\/","name":"Privadesa - Hostal Can Josep","isPartOf":{"@id":"https:\/\/www.hostalcanjosep.com\/#website"},"datePublished":"2018-05-24T17:14:37+00:00","dateModified":"2022-06-27T20:57:24+00:00","description":"Pol\u00edtica de privacidad Quienes somos Hostal Can Josep es un hostal econ\u00f3mico de 2 estrellas situado en el municipio de Sort, capital del Pallars Sobir\u00e0.","breadcrumb":{"@id":"https:\/\/www.hostalcanjosep.com\/en\/privacy\/#breadcrumb"},"inLanguage":"ca-ES","potentialAction":[{"@type":"ReadAction","target":["https:\/\/www.hostalcanjosep.com\/en\/privacy\/"]}]},{"@type":"BreadcrumbList","@id":"https:\/\/www.hostalcanjosep.com\/en\/privacy\/#breadcrumb","itemListElement":[{"@type":"ListItem","position":1,"name":"Inicio","item":"https:\/\/www.hostalcanjosep.com\/"},{"@type":"ListItem","position":2,"name":"Privacy"}]},{"@type":"WebSite","@id":"https:\/\/www.hostalcanjosep.com\/#website","url":"https:\/\/www.hostalcanjosep.com\/","name":"Hostal Can Josep","description":"Hotel a Sort, Pallars Sobir\u00e0 - Lleida","publisher":{"@id":"https:\/\/www.hostalcanjosep.com\/#organization"},"potentialAction":[{"@type":"SearchAction","target":{"@type":"EntryPoint","urlTemplate":"https:\/\/www.hostalcanjosep.com\/?s={search_term_string}"},"query-input":{"@type":"PropertyValueSpecification","valueRequired":true,"valueName":"search_term_string"}}],"inLanguage":"ca-ES"},{"@type":"Organization","@id":"https:\/\/www.hostalcanjosep.com\/#organization","name":"HOSTAL CAN JOSEP","url":"https:\/\/www.hostalcanjosep.com\/","logo":{"@type":"ImageObject","inLanguage":"ca-ES","@id":"https:\/\/www.hostalcanjosep.com\/#\/schema\/logo\/image\/","url":"https:\/\/i0.wp.com\/www.hostalcanjosep.com\/wp-content\/uploads\/2017\/02\/hostal-can-josep-logo.png?fit=596%2C255&ssl=1","contentUrl":"https:\/\/i0.wp.com\/www.hostalcanjosep.com\/wp-content\/uploads\/2017\/02\/hostal-can-josep-logo.png?fit=596%2C255&ssl=1","width":596,"height":255,"caption":"HOSTAL CAN JOSEP"},"image":{"@id":"https:\/\/www.hostalcanjosep.com\/#\/schema\/logo\/image\/"},"sameAs":["https:\/\/www.facebook.com\/hostalcanjosep\/"]}]}},"jetpack_sharing_enabled":true,"_links":{"self":[{"href":"https:\/\/www.hostalcanjosep.com\/ca\/wp-json\/wp\/v2\/pages\/836","targetHints":{"allow":["GET"]}}],"collection":[{"href":"https:\/\/www.hostalcanjosep.com\/ca\/wp-json\/wp\/v2\/pages"}],"about":[{"href":"https:\/\/www.hostalcanjosep.com\/ca\/wp-json\/wp\/v2\/types\/page"}],"author":[{"embeddable":true,"href":"https:\/\/www.hostalcanjosep.com\/ca\/wp-json\/wp\/v2\/users\/1"}],"replies":[{"embeddable":true,"href":"https:\/\/www.hostalcanjosep.com\/ca\/wp-json\/wp\/v2\/comments?post=836"}],"version-history":[{"count":0,"href":"https:\/\/www.hostalcanjosep.com\/ca\/wp-json\/wp\/v2\/pages\/836\/revisions"}],"wp:attachment":[{"href":"https:\/\/www.hostalcanjosep.com\/ca\/wp-json\/wp\/v2\/media?parent=836"}],"curies":[{"name":"wp","href":"https:\/\/api.w.org\/{rel}","templated":true}]}}