{"id":69,"date":"2023-01-01T00:00:04","date_gmt":"2023-01-01T00:00:04","guid":{"rendered":"http:\/\/www.hostalcanjosep.com\/?page_id=69"},"modified":"2026-03-27T20:52:26","modified_gmt":"2026-03-27T20:52:26","slug":"precios","status":"publish","type":"page","link":"https:\/\/www.hostalcanjosep.com\/ca\/preus\/","title":{"rendered":"Preus"},"content":{"rendered":"<p><\/p>\n<h1>Els Preus de l&#8217;Hostal<\/h1>\n<p><img data-recalc-dims=\"1\" loading=\"lazy\" decoding=\"async\" class=\"alignleft wp-image-18\" src=\"https:\/\/i0.wp.com\/www.hostalcanjosep.com\/wp-content\/uploads\/2022\/06\/IMG-4221-scaled.jpg?resize=328%2C246&#038;ssl=1\" alt=\"\" width=\"328\" height=\"246\" \/><br \/>\n<strong style=\"color: #fff; background-color: #008000;\"> \u00a0Descobriu el Pallars Sobir\u00e0 i la seva \u00e0rea al nostre acollidor i familiar Hostal a un preu molt assequible!\u00a0 <\/strong><\/p>\n<h2><\/h2>\n<h2><\/h2>\n<h2><\/h2>\n<h2>Les Habitacions<\/h2>\n<p><a class=\"ttfmake-button\" style=\"background: #ffc113;\" href=\"https:\/\/www.hostalcanjosep.com\/habitaciones\/\">Habitacions<\/a><\/p>\n<p><b>**Preus per a grups escolars, agencies&#8230;<br \/>\n**Enviar e-mail a <a href=\"mailto:info@hostalcanjosep.com\">info@hostalcanjosep.com<\/a><\/b><\/p>\n<h3>Preus reservant directament amb nosaltres:<\/h3>\n<p><b>**Preus en vigor per a tot l&#8217;any 2026<\/b><\/p>\n<ul>\n<li><strong>Habitaci\u00f3 Individual (1 pax)\u00a0 \u00a0Total:\u00a0 55,00 \u20ac \/ Nit<\/strong>\n<ul>\n<li><strong>\u00a0Esmorzar incl\u00f2s<\/strong><\/li>\n<li><strong>\u00a0Taxa turistica no inclosa (0,99\u20ac\/pp i nit)<\/strong><\/li>\n<li><strong>\u00a01 Llit Individual.<\/strong><\/li>\n<\/ul>\n<\/li>\n<\/ul>\n<ul>\n<li><strong>Habitaci\u00f3 Doble (2 pax)\u00a0 Total:\u00a0 75,00 \u20ac \/ Nit<\/strong>\n<ul>\n<li><strong>\u00a0Esmorzar incl\u00f2s<\/strong><\/li>\n<li><strong>\u00a0Taxa turistica no inclosa (0,99\u20ac\/pp i nit)<\/strong><\/li>\n<li>\u00a0<strong>1 Llit Doble o 2 Llits Individuals. (Segons Disponibilitat)<\/strong><\/li>\n<\/ul>\n<\/li>\n<\/ul>\n<ul>\n<li><strong>Habitaci\u00f3 Triple (3 pax)\u00a0 \u00a0 \u00a0 Total:\u00a0 95,00 \u20ac \/ Nit<\/strong>\n<ul>\n<li><strong>\u00a0Esmorzar incl\u00f2s<\/strong><\/li>\n<li><strong>\u00a0Taxa turistica no inclosa (0,99\u20ac\/pp i nit)<\/strong><\/li>\n<li>\u00a0<strong>1 Llit Doble i 1 Llit Individual o 3 Llits Individuals. (Segons Disponibilitat)<\/strong><\/li>\n<\/ul>\n<\/li>\n<\/ul>\n<ul>\n<li><strong>Habitaci\u00f3 Qu\u00e0druple (4 pax) Total:\u00a0 115,00 \u20ac \/ Nit<\/strong>\n<ul>\n<li><strong>\u00a0Esmorzar incl\u00f2s<\/strong><\/li>\n<li><strong>\u00a0Taxa turistica no inclosa (0,99\u20ac\/pp i nit)<\/strong><\/li>\n<li><strong>1 Llit Doble i 2 Llits Individuals, 1 Llit Doble i 1 Llitera o 2 Llits Individuals i 1 Llitera. (Segons Disponibilitat)<\/strong><\/li>\n<\/ul>\n<\/li>\n<\/ul>\n<p>&nbsp;<\/p>\n<p><a class=\"ttfmake-button\" style=\"background: green;\" href=\"https:\/\/www.hostalcanjosep.com\/ca\/reserves\/\">Reservar via email<\/a> \u00f3 <a class=\"ttfmake-button\" style=\"background: green;\" href=\"tel:+34973620176\">Trucar Ara<\/a><\/p>\n<h2>Restaurant<\/h2>\n<ul>\n<li>\n<h4><strong>Menu Dill-Div: 20,00 Euros<\/strong><\/h4>\n<\/li>\n<li><strong>Menu Cap de setmana\/Festius..etc: 22,00 Euros<\/strong><\/li>\n<\/ul>\n<p>* <strong>Inclou:<\/strong> Primer plat, segon plat, postres, aigua, vi de la casa i gasosa.<\/p>\n<p>* Caf\u00e8s i begudes (Coca-Cola, Aquarius&#8230;) <strong>no inclosos.<\/strong><\/p>","protected":false},"excerpt":{"rendered":"<p>Els Preus de l&#8217;Hostal \u00a0Descobriu el Pallars Sobir\u00e0 i la seva \u00e0rea al nostre acollidor i familiar Hostal a un preu molt assequible!\u00a0 Les Habitacions Habitacions **Preus per a grups escolars, agencies&#8230; **Enviar e-mail a info@hostalcanjosep.com Preus reservant directament amb nosaltres: **Preus en vigor per a tot l&#8217;any 2026 Habitaci\u00f3 Individual (1 pax)\u00a0 \u00a0Total:\u00a0 55,00 &hellip;<\/p>\n","protected":false},"author":1,"featured_media":1796,"parent":0,"menu_order":0,"comment_status":"closed","ping_status":"open","template":"","meta":{"footnotes":""},"class_list":["post-69","page","type-page","status-publish","has-post-thumbnail","hentry"],"yoast_head":"<!-- This site is optimized with the Yoast SEO plugin v27.4 - https:\/\/yoast.com\/product\/yoast-seo-wordpress\/ -->\n<title>Preus - Hostal Can Josep<\/title>\n<meta name=\"description\" content=\"(Espa\u00f1ol) Disfrute de una estancia agradable en nuestro hotel a precios rid\u00edculos situado en contacto con la naturaleza y la monta\u00f1a con todas las comodidades.\" \/>\n<meta name=\"robots\" content=\"index, follow, max-snippet:-1, max-image-preview:large, max-video-preview:-1\" \/>\n<link rel=\"canonical\" href=\"http:\/\/www.hostalcanjosep.com\/precios\/\" \/>\n<meta property=\"og:locale\" content=\"ca_ES\" \/>\n<meta property=\"og:type\" content=\"article\" \/>\n<meta property=\"og:title\" content=\"[:es]Precios - Hostal Can Josep [:ca]Preus - Hostal Can Josep [:en]Prices - Hostal Can Josep [:]\" \/>\n<meta property=\"og:description\" content=\"{:es}Disfrute de una estancia agradable en nuestro hotel a precios rid\u00edculos situado en contacto con la naturaleza y la monta\u00f1a con todas las comodidades.{:}\" \/>\n<meta property=\"og:url\" content=\"http:\/\/www.hostalcanjosep.com\/precios\/\" \/>\n<meta property=\"og:site_name\" content=\"Hostal Can Josep\" \/>\n<meta property=\"article:publisher\" content=\"https:\/\/www.facebook.com\/hostalcanjosep\/\" \/>\n<meta property=\"article:modified_time\" content=\"2026-03-27T20:52:26+00:00\" \/>\n<meta property=\"og:image\" content=\"http:\/\/www.hostalcanjosep.com\/wp-content\/uploads\/2022\/06\/IMG-4141-scaled.jpg\" \/>\n\t<meta property=\"og:image:width\" content=\"2560\" \/>\n\t<meta property=\"og:image:height\" content=\"1920\" \/>\n\t<meta property=\"og:image:type\" content=\"image\/jpeg\" \/>\n<meta name=\"twitter:card\" content=\"summary_large_image\" \/>\n<meta name=\"twitter:label1\" content=\"Est. reading time\" \/>\n\t<meta name=\"twitter:data1\" content=\"1 minute\" \/>\n<script type=\"application\/ld+json\" class=\"yoast-schema-graph\">{\"@context\":\"https:\\\/\\\/schema.org\",\"@graph\":[{\"@type\":\"WebPage\",\"@id\":\"http:\\\/\\\/www.hostalcanjosep.com\\\/precios\\\/\",\"url\":\"http:\\\/\\\/www.hostalcanjosep.com\\\/precios\\\/\",\"name\":\"[:es]Precios - Hostal Can Josep [:ca]Preus - Hostal Can Josep [:en]Prices - Hostal Can Josep [:]\",\"isPartOf\":{\"@id\":\"https:\\\/\\\/www.hostalcanjosep.com\\\/#website\"},\"primaryImageOfPage\":{\"@id\":\"http:\\\/\\\/www.hostalcanjosep.com\\\/precios\\\/#primaryimage\"},\"image\":{\"@id\":\"http:\\\/\\\/www.hostalcanjosep.com\\\/precios\\\/#primaryimage\"},\"thumbnailUrl\":\"https:\\\/\\\/i0.wp.com\\\/www.hostalcanjosep.com\\\/wp-content\\\/uploads\\\/2022\\\/06\\\/IMG-4141-scaled.jpg?fit=2560%2C1920&ssl=1\",\"datePublished\":\"2023-01-01T00:00:04+00:00\",\"dateModified\":\"2026-03-27T20:52:26+00:00\",\"description\":\"{:es}Disfrute de una estancia agradable en nuestro hotel a precios rid\u00edculos situado en contacto con la naturaleza y la monta\u00f1a con todas las comodidades.{:}\",\"breadcrumb\":{\"@id\":\"http:\\\/\\\/www.hostalcanjosep.com\\\/precios\\\/#breadcrumb\"},\"inLanguage\":\"ca-ES\",\"potentialAction\":[{\"@type\":\"ReadAction\",\"target\":[\"http:\\\/\\\/www.hostalcanjosep.com\\\/precios\\\/\"]}]},{\"@type\":\"ImageObject\",\"inLanguage\":\"ca-ES\",\"@id\":\"http:\\\/\\\/www.hostalcanjosep.com\\\/precios\\\/#primaryimage\",\"url\":\"https:\\\/\\\/i0.wp.com\\\/www.hostalcanjosep.com\\\/wp-content\\\/uploads\\\/2022\\\/06\\\/IMG-4141-scaled.jpg?fit=2560%2C1920&ssl=1\",\"contentUrl\":\"https:\\\/\\\/i0.wp.com\\\/www.hostalcanjosep.com\\\/wp-content\\\/uploads\\\/2022\\\/06\\\/IMG-4141-scaled.jpg?fit=2560%2C1920&ssl=1\",\"width\":2560,\"height\":1920},{\"@type\":\"BreadcrumbList\",\"@id\":\"http:\\\/\\\/www.hostalcanjosep.com\\\/precios\\\/#breadcrumb\",\"itemListElement\":[{\"@type\":\"ListItem\",\"position\":1,\"name\":\"Inicio\",\"item\":\"https:\\\/\\\/www.hostalcanjosep.com\\\/\"},{\"@type\":\"ListItem\",\"position\":2,\"name\":\"Precios\"}]},{\"@type\":\"WebSite\",\"@id\":\"https:\\\/\\\/www.hostalcanjosep.com\\\/#website\",\"url\":\"https:\\\/\\\/www.hostalcanjosep.com\\\/\",\"name\":\"Hostal Can Josep\",\"description\":\"Hotel a Sort, Pallars Sobir\u00e0 - Lleida\",\"publisher\":{\"@id\":\"https:\\\/\\\/www.hostalcanjosep.com\\\/#organization\"},\"potentialAction\":[{\"@type\":\"SearchAction\",\"target\":{\"@type\":\"EntryPoint\",\"urlTemplate\":\"https:\\\/\\\/www.hostalcanjosep.com\\\/?s={search_term_string}\"},\"query-input\":{\"@type\":\"PropertyValueSpecification\",\"valueRequired\":true,\"valueName\":\"search_term_string\"}}],\"inLanguage\":\"ca-ES\"},{\"@type\":\"Organization\",\"@id\":\"https:\\\/\\\/www.hostalcanjosep.com\\\/#organization\",\"name\":\"HOSTAL CAN JOSEP\",\"url\":\"https:\\\/\\\/www.hostalcanjosep.com\\\/\",\"logo\":{\"@type\":\"ImageObject\",\"inLanguage\":\"ca-ES\",\"@id\":\"https:\\\/\\\/www.hostalcanjosep.com\\\/#\\\/schema\\\/logo\\\/image\\\/\",\"url\":\"https:\\\/\\\/i0.wp.com\\\/www.hostalcanjosep.com\\\/wp-content\\\/uploads\\\/2017\\\/02\\\/hostal-can-josep-logo.png?fit=596%2C255&ssl=1\",\"contentUrl\":\"https:\\\/\\\/i0.wp.com\\\/www.hostalcanjosep.com\\\/wp-content\\\/uploads\\\/2017\\\/02\\\/hostal-can-josep-logo.png?fit=596%2C255&ssl=1\",\"width\":596,\"height\":255,\"caption\":\"HOSTAL CAN JOSEP\"},\"image\":{\"@id\":\"https:\\\/\\\/www.hostalcanjosep.com\\\/#\\\/schema\\\/logo\\\/image\\\/\"},\"sameAs\":[\"https:\\\/\\\/www.facebook.com\\\/hostalcanjosep\\\/\"]}]}<\/script>\n<!-- \/ Yoast SEO plugin. -->","yoast_head_json":{"title":"Preus - Hostal Can Josep","description":"(Espa\u00f1ol) Disfrute de una estancia agradable en nuestro hotel a precios rid\u00edculos situado en contacto con la naturaleza y la monta\u00f1a con todas las comodidades.","robots":{"index":"index","follow":"follow","max-snippet":"max-snippet:-1","max-image-preview":"max-image-preview:large","max-video-preview":"max-video-preview:-1"},"canonical":"http:\/\/www.hostalcanjosep.com\/precios\/","og_locale":"ca_ES","og_type":"article","og_title":"[:es]Precios - Hostal Can Josep [:ca]Preus - Hostal Can Josep [:en]Prices - Hostal Can Josep [:]","og_description":"{:es}Disfrute de una estancia agradable en nuestro hotel a precios rid\u00edculos situado en contacto con la naturaleza y la monta\u00f1a con todas las comodidades.{:}","og_url":"http:\/\/www.hostalcanjosep.com\/precios\/","og_site_name":"Hostal Can Josep","article_publisher":"https:\/\/www.facebook.com\/hostalcanjosep\/","article_modified_time":"2026-03-27T20:52:26+00:00","og_image":[{"width":2560,"height":1920,"url":"http:\/\/www.hostalcanjosep.com\/wp-content\/uploads\/2022\/06\/IMG-4141-scaled.jpg","type":"image\/jpeg"}],"twitter_card":"summary_large_image","twitter_misc":{"Est. reading time":"1 minute"},"schema":{"@context":"https:\/\/schema.org","@graph":[{"@type":"WebPage","@id":"http:\/\/www.hostalcanjosep.com\/precios\/","url":"http:\/\/www.hostalcanjosep.com\/precios\/","name":"[:es]Precios - Hostal Can Josep [:ca]Preus - Hostal Can Josep [:en]Prices - Hostal Can Josep [:]","isPartOf":{"@id":"https:\/\/www.hostalcanjosep.com\/#website"},"primaryImageOfPage":{"@id":"http:\/\/www.hostalcanjosep.com\/precios\/#primaryimage"},"image":{"@id":"http:\/\/www.hostalcanjosep.com\/precios\/#primaryimage"},"thumbnailUrl":"https:\/\/i0.wp.com\/www.hostalcanjosep.com\/wp-content\/uploads\/2022\/06\/IMG-4141-scaled.jpg?fit=2560%2C1920&ssl=1","datePublished":"2023-01-01T00:00:04+00:00","dateModified":"2026-03-27T20:52:26+00:00","description":"{:es}Disfrute de una estancia agradable en nuestro hotel a precios rid\u00edculos situado en contacto con la naturaleza y la monta\u00f1a con todas las comodidades.{:}","breadcrumb":{"@id":"http:\/\/www.hostalcanjosep.com\/precios\/#breadcrumb"},"inLanguage":"ca-ES","potentialAction":[{"@type":"ReadAction","target":["http:\/\/www.hostalcanjosep.com\/precios\/"]}]},{"@type":"ImageObject","inLanguage":"ca-ES","@id":"http:\/\/www.hostalcanjosep.com\/precios\/#primaryimage","url":"https:\/\/i0.wp.com\/www.hostalcanjosep.com\/wp-content\/uploads\/2022\/06\/IMG-4141-scaled.jpg?fit=2560%2C1920&ssl=1","contentUrl":"https:\/\/i0.wp.com\/www.hostalcanjosep.com\/wp-content\/uploads\/2022\/06\/IMG-4141-scaled.jpg?fit=2560%2C1920&ssl=1","width":2560,"height":1920},{"@type":"BreadcrumbList","@id":"http:\/\/www.hostalcanjosep.com\/precios\/#breadcrumb","itemListElement":[{"@type":"ListItem","position":1,"name":"Inicio","item":"https:\/\/www.hostalcanjosep.com\/"},{"@type":"ListItem","position":2,"name":"Precios"}]},{"@type":"WebSite","@id":"https:\/\/www.hostalcanjosep.com\/#website","url":"https:\/\/www.hostalcanjosep.com\/","name":"Hostal Can Josep","description":"Hotel a Sort, Pallars Sobir\u00e0 - Lleida","publisher":{"@id":"https:\/\/www.hostalcanjosep.com\/#organization"},"potentialAction":[{"@type":"SearchAction","target":{"@type":"EntryPoint","urlTemplate":"https:\/\/www.hostalcanjosep.com\/?s={search_term_string}"},"query-input":{"@type":"PropertyValueSpecification","valueRequired":true,"valueName":"search_term_string"}}],"inLanguage":"ca-ES"},{"@type":"Organization","@id":"https:\/\/www.hostalcanjosep.com\/#organization","name":"HOSTAL CAN JOSEP","url":"https:\/\/www.hostalcanjosep.com\/","logo":{"@type":"ImageObject","inLanguage":"ca-ES","@id":"https:\/\/www.hostalcanjosep.com\/#\/schema\/logo\/image\/","url":"https:\/\/i0.wp.com\/www.hostalcanjosep.com\/wp-content\/uploads\/2017\/02\/hostal-can-josep-logo.png?fit=596%2C255&ssl=1","contentUrl":"https:\/\/i0.wp.com\/www.hostalcanjosep.com\/wp-content\/uploads\/2017\/02\/hostal-can-josep-logo.png?fit=596%2C255&ssl=1","width":596,"height":255,"caption":"HOSTAL CAN JOSEP"},"image":{"@id":"https:\/\/www.hostalcanjosep.com\/#\/schema\/logo\/image\/"},"sameAs":["https:\/\/www.facebook.com\/hostalcanjosep\/"]}]}},"jetpack_sharing_enabled":true,"_links":{"self":[{"href":"https:\/\/www.hostalcanjosep.com\/ca\/wp-json\/wp\/v2\/pages\/69","targetHints":{"allow":["GET"]}}],"collection":[{"href":"https:\/\/www.hostalcanjosep.com\/ca\/wp-json\/wp\/v2\/pages"}],"about":[{"href":"https:\/\/www.hostalcanjosep.com\/ca\/wp-json\/wp\/v2\/types\/page"}],"author":[{"embeddable":true,"href":"https:\/\/www.hostalcanjosep.com\/ca\/wp-json\/wp\/v2\/users\/1"}],"replies":[{"embeddable":true,"href":"https:\/\/www.hostalcanjosep.com\/ca\/wp-json\/wp\/v2\/comments?post=69"}],"version-history":[{"count":0,"href":"https:\/\/www.hostalcanjosep.com\/ca\/wp-json\/wp\/v2\/pages\/69\/revisions"}],"wp:featuredmedia":[{"embeddable":true,"href":"https:\/\/www.hostalcanjosep.com\/ca\/wp-json\/wp\/v2\/media\/1796"}],"wp:attachment":[{"href":"https:\/\/www.hostalcanjosep.com\/ca\/wp-json\/wp\/v2\/media?parent=69"}],"curies":[{"name":"wp","href":"https:\/\/api.w.org\/{rel}","templated":true}]}}