{"id":523,"date":"2022-01-01T00:00:20","date_gmt":"2022-01-01T00:00:20","guid":{"rendered":"http:\/\/www.hostalcanjosep.com\/?page_id=523"},"modified":"2022-07-01T20:31:37","modified_gmt":"2022-07-01T20:31:37","slug":"turismo-de-aventura-en-sort","status":"publish","type":"page","link":"https:\/\/www.hostalcanjosep.com\/ca\/turisme-d-aventura-a-sort\/","title":{"rendered":"Turisme d&#8217;aventura a Sort"},"content":{"rendered":"<p><\/p>\n<h1>Activitats d&#8217;aventura a Sort, Lleida<\/h1>\n<p><img data-recalc-dims=\"1\" loading=\"lazy\" decoding=\"async\" src=\"https:\/\/i0.wp.com\/www.hostalcanjosep.com\/wp-content\/uploads\/2017\/02\/Rafting-Sort.jpeg?resize=300%2C200\" alt=\"\" width=\"300\" height=\"200\" class=\"alignleft size-medium wp-image-524\" srcset=\"https:\/\/i0.wp.com\/www.hostalcanjosep.com\/wp-content\/uploads\/2017\/02\/Rafting-Sort.jpeg?resize=300%2C200&amp;ssl=1 300w, https:\/\/i0.wp.com\/www.hostalcanjosep.com\/wp-content\/uploads\/2017\/02\/Rafting-Sort.jpeg?resize=768%2C512&amp;ssl=1 768w, https:\/\/i0.wp.com\/www.hostalcanjosep.com\/wp-content\/uploads\/2017\/02\/Rafting-Sort.jpeg?resize=1024%2C683&amp;ssl=1 1024w, https:\/\/i0.wp.com\/www.hostalcanjosep.com\/wp-content\/uploads\/2017\/02\/Rafting-Sort.jpeg?w=1920&amp;ssl=1 1920w\" sizes=\"auto, (max-width: 300px) 100vw, 300px\" \/>L&#8217;oferta d&#8217;activitats de multiaventura a Sort \u00e9s \u00e0mplia i variada.<\/p>\n<p>Sort \u00e9s una poblaci\u00f3 famosa per la proximitat de les estacions d&#8217;esqu\u00ed de Port-Ain\u00e9 i Espot, i per el Noguera Pallaresa, un riu considerat el bressol del pirag\u00fcisme d&#8217;aig\u00fces braves.<\/p>\n<p>A Sort podr\u00e0 practicar esports i activitats de muntanya com ara H\u00edpica, Trekking, Mountain Bike, Quads, Rafting, Hidrospeed, Kayak, Pirag\u00fcisme.<\/p>\n<p>Una interessant opci\u00f3 s\u00f3n les excursions en 4&#215;4 fins El Parc Nacional d&#8217;Aig\u00fcestortes i l&#8217;Estany de Sant Maurici. Consulteu-nos per a m\u00e9s informaci\u00f3.<\/p>\n<p>Per a la seva comoditat, l&#8217;acc\u00e9s a les activitats est\u00e0 situat a pocs metres de l&#8217;Hostal can Josep.<\/p>\n<p>Situat a 34.8 km de Baqueira Beret, a 30 quil\u00f2metres de les estacions d&#8217;esqu\u00ed de Tavascan i Espot hi ha nom\u00e9s 16 quil\u00f2metres de Port-Ain\u00e9, Sort \u00e9s definitivament el punt de partida per als amants dels esports d&#8217;hivern.<\/p>","protected":false},"excerpt":{"rendered":"<p>Activitats d&#8217;aventura a Sort, Lleida L&#8217;oferta d&#8217;activitats de multiaventura a Sort \u00e9s \u00e0mplia i variada. Sort \u00e9s una poblaci\u00f3 famosa per la proximitat de les estacions d&#8217;esqu\u00ed de Port-Ain\u00e9 i Espot, i per el Noguera Pallaresa, un riu considerat el bressol del pirag\u00fcisme d&#8217;aig\u00fces braves. A Sort podr\u00e0 practicar esports i activitats de muntanya com &hellip;<\/p>\n","protected":false},"author":1,"featured_media":524,"parent":0,"menu_order":0,"comment_status":"closed","ping_status":"closed","template":"","meta":{"footnotes":""},"class_list":["post-523","page","type-page","status-publish","has-post-thumbnail","hentry"],"yoast_head":"<!-- This site is optimized with the Yoast SEO plugin v27.4 - https:\/\/yoast.com\/product\/yoast-seo-wordpress\/ -->\n<title>Turisme d&#039;aventura a Sort - Hostal Can Josep<\/title>\n<meta name=\"description\" content=\"Actividades de aventura en Sort, Lleida La oferta de actividades de multiaventura en Sort es amplia y variada. Sort es una poblaci\u00f3n famosa por la\" \/>\n<meta name=\"robots\" content=\"index, follow, max-snippet:-1, max-image-preview:large, max-video-preview:-1\" \/>\n<link rel=\"canonical\" href=\"https:\/\/www.hostalcanjosep.com\/turismo-de-aventura-en-sort\/\" \/>\n<meta property=\"og:locale\" content=\"ca_ES\" \/>\n<meta property=\"og:type\" content=\"article\" \/>\n<meta property=\"og:title\" content=\"Turisme d&#039;aventura a Sort - Hostal Can Josep\" \/>\n<meta property=\"og:description\" content=\"Actividades de aventura en Sort, Lleida La oferta de actividades de multiaventura en Sort es amplia y variada. Sort es una poblaci\u00f3n famosa por la\" \/>\n<meta property=\"og:url\" content=\"https:\/\/www.hostalcanjosep.com\/turismo-de-aventura-en-sort\/\" \/>\n<meta property=\"og:site_name\" content=\"Hostal Can Josep\" \/>\n<meta property=\"article:publisher\" content=\"https:\/\/www.facebook.com\/hostalcanjosep\/\" \/>\n<meta property=\"article:modified_time\" content=\"2022-07-01T20:31:37+00:00\" \/>\n<meta property=\"og:image\" content=\"https:\/\/i0.wp.com\/www.hostalcanjosep.com\/wp-content\/uploads\/2017\/02\/Rafting-Sort.jpeg?fit=1920%2C1280&ssl=1\" \/>\n\t<meta property=\"og:image:width\" content=\"1920\" \/>\n\t<meta property=\"og:image:height\" content=\"1280\" \/>\n\t<meta property=\"og:image:type\" content=\"image\/jpeg\" \/>\n<meta name=\"twitter:card\" content=\"summary_large_image\" \/>\n<meta name=\"twitter:label1\" content=\"Est. reading time\" \/>\n\t<meta name=\"twitter:data1\" content=\"2 minutes\" \/>\n<script type=\"application\/ld+json\" class=\"yoast-schema-graph\">{\"@context\":\"https:\\\/\\\/schema.org\",\"@graph\":[{\"@type\":\"WebPage\",\"@id\":\"https:\\\/\\\/www.hostalcanjosep.com\\\/turismo-de-aventura-en-sort\\\/\",\"url\":\"https:\\\/\\\/www.hostalcanjosep.com\\\/turismo-de-aventura-en-sort\\\/\",\"name\":\"Turisme d'aventura a Sort - Hostal Can Josep\",\"isPartOf\":{\"@id\":\"https:\\\/\\\/www.hostalcanjosep.com\\\/#website\"},\"primaryImageOfPage\":{\"@id\":\"https:\\\/\\\/www.hostalcanjosep.com\\\/turismo-de-aventura-en-sort\\\/#primaryimage\"},\"image\":{\"@id\":\"https:\\\/\\\/www.hostalcanjosep.com\\\/turismo-de-aventura-en-sort\\\/#primaryimage\"},\"thumbnailUrl\":\"https:\\\/\\\/i0.wp.com\\\/www.hostalcanjosep.com\\\/wp-content\\\/uploads\\\/2017\\\/02\\\/Rafting-Sort.jpeg?fit=1920%2C1280&ssl=1\",\"datePublished\":\"2022-01-01T00:00:20+00:00\",\"dateModified\":\"2022-07-01T20:31:37+00:00\",\"description\":\"Actividades de aventura en Sort, Lleida La oferta de actividades de multiaventura en Sort es amplia y variada. Sort es una poblaci\u00f3n famosa por la\",\"breadcrumb\":{\"@id\":\"https:\\\/\\\/www.hostalcanjosep.com\\\/turismo-de-aventura-en-sort\\\/#breadcrumb\"},\"inLanguage\":\"ca-ES\",\"potentialAction\":[{\"@type\":\"ReadAction\",\"target\":[\"https:\\\/\\\/www.hostalcanjosep.com\\\/turismo-de-aventura-en-sort\\\/\"]}]},{\"@type\":\"ImageObject\",\"inLanguage\":\"ca-ES\",\"@id\":\"https:\\\/\\\/www.hostalcanjosep.com\\\/turismo-de-aventura-en-sort\\\/#primaryimage\",\"url\":\"https:\\\/\\\/i0.wp.com\\\/www.hostalcanjosep.com\\\/wp-content\\\/uploads\\\/2017\\\/02\\\/Rafting-Sort.jpeg?fit=1920%2C1280&ssl=1\",\"contentUrl\":\"https:\\\/\\\/i0.wp.com\\\/www.hostalcanjosep.com\\\/wp-content\\\/uploads\\\/2017\\\/02\\\/Rafting-Sort.jpeg?fit=1920%2C1280&ssl=1\",\"width\":1920,\"height\":1280},{\"@type\":\"BreadcrumbList\",\"@id\":\"https:\\\/\\\/www.hostalcanjosep.com\\\/turismo-de-aventura-en-sort\\\/#breadcrumb\",\"itemListElement\":[{\"@type\":\"ListItem\",\"position\":1,\"name\":\"Inicio\",\"item\":\"https:\\\/\\\/www.hostalcanjosep.com\\\/\"},{\"@type\":\"ListItem\",\"position\":2,\"name\":\"Turismo de aventura en Sort\"}]},{\"@type\":\"WebSite\",\"@id\":\"https:\\\/\\\/www.hostalcanjosep.com\\\/#website\",\"url\":\"https:\\\/\\\/www.hostalcanjosep.com\\\/\",\"name\":\"Hostal Can Josep\",\"description\":\"Hotel a Sort, Pallars Sobir\u00e0 - Lleida\",\"publisher\":{\"@id\":\"https:\\\/\\\/www.hostalcanjosep.com\\\/#organization\"},\"potentialAction\":[{\"@type\":\"SearchAction\",\"target\":{\"@type\":\"EntryPoint\",\"urlTemplate\":\"https:\\\/\\\/www.hostalcanjosep.com\\\/?s={search_term_string}\"},\"query-input\":{\"@type\":\"PropertyValueSpecification\",\"valueRequired\":true,\"valueName\":\"search_term_string\"}}],\"inLanguage\":\"ca-ES\"},{\"@type\":\"Organization\",\"@id\":\"https:\\\/\\\/www.hostalcanjosep.com\\\/#organization\",\"name\":\"HOSTAL CAN JOSEP\",\"url\":\"https:\\\/\\\/www.hostalcanjosep.com\\\/\",\"logo\":{\"@type\":\"ImageObject\",\"inLanguage\":\"ca-ES\",\"@id\":\"https:\\\/\\\/www.hostalcanjosep.com\\\/#\\\/schema\\\/logo\\\/image\\\/\",\"url\":\"https:\\\/\\\/i0.wp.com\\\/www.hostalcanjosep.com\\\/wp-content\\\/uploads\\\/2017\\\/02\\\/hostal-can-josep-logo.png?fit=596%2C255&ssl=1\",\"contentUrl\":\"https:\\\/\\\/i0.wp.com\\\/www.hostalcanjosep.com\\\/wp-content\\\/uploads\\\/2017\\\/02\\\/hostal-can-josep-logo.png?fit=596%2C255&ssl=1\",\"width\":596,\"height\":255,\"caption\":\"HOSTAL CAN JOSEP\"},\"image\":{\"@id\":\"https:\\\/\\\/www.hostalcanjosep.com\\\/#\\\/schema\\\/logo\\\/image\\\/\"},\"sameAs\":[\"https:\\\/\\\/www.facebook.com\\\/hostalcanjosep\\\/\"]}]}<\/script>\n<!-- \/ Yoast SEO plugin. -->","yoast_head_json":{"title":"Turisme d'aventura a Sort - Hostal Can Josep","description":"Actividades de aventura en Sort, Lleida La oferta de actividades de multiaventura en Sort es amplia y variada. Sort es una poblaci\u00f3n famosa por la","robots":{"index":"index","follow":"follow","max-snippet":"max-snippet:-1","max-image-preview":"max-image-preview:large","max-video-preview":"max-video-preview:-1"},"canonical":"https:\/\/www.hostalcanjosep.com\/turismo-de-aventura-en-sort\/","og_locale":"ca_ES","og_type":"article","og_title":"Turisme d'aventura a Sort - Hostal Can Josep","og_description":"Actividades de aventura en Sort, Lleida La oferta de actividades de multiaventura en Sort es amplia y variada. Sort es una poblaci\u00f3n famosa por la","og_url":"https:\/\/www.hostalcanjosep.com\/turismo-de-aventura-en-sort\/","og_site_name":"Hostal Can Josep","article_publisher":"https:\/\/www.facebook.com\/hostalcanjosep\/","article_modified_time":"2022-07-01T20:31:37+00:00","og_image":[{"width":1920,"height":1280,"url":"https:\/\/i0.wp.com\/www.hostalcanjosep.com\/wp-content\/uploads\/2017\/02\/Rafting-Sort.jpeg?fit=1920%2C1280&ssl=1","type":"image\/jpeg"}],"twitter_card":"summary_large_image","twitter_misc":{"Est. reading time":"2 minutes"},"schema":{"@context":"https:\/\/schema.org","@graph":[{"@type":"WebPage","@id":"https:\/\/www.hostalcanjosep.com\/turismo-de-aventura-en-sort\/","url":"https:\/\/www.hostalcanjosep.com\/turismo-de-aventura-en-sort\/","name":"Turisme d'aventura a Sort - Hostal Can Josep","isPartOf":{"@id":"https:\/\/www.hostalcanjosep.com\/#website"},"primaryImageOfPage":{"@id":"https:\/\/www.hostalcanjosep.com\/turismo-de-aventura-en-sort\/#primaryimage"},"image":{"@id":"https:\/\/www.hostalcanjosep.com\/turismo-de-aventura-en-sort\/#primaryimage"},"thumbnailUrl":"https:\/\/i0.wp.com\/www.hostalcanjosep.com\/wp-content\/uploads\/2017\/02\/Rafting-Sort.jpeg?fit=1920%2C1280&ssl=1","datePublished":"2022-01-01T00:00:20+00:00","dateModified":"2022-07-01T20:31:37+00:00","description":"Actividades de aventura en Sort, Lleida La oferta de actividades de multiaventura en Sort es amplia y variada. Sort es una poblaci\u00f3n famosa por la","breadcrumb":{"@id":"https:\/\/www.hostalcanjosep.com\/turismo-de-aventura-en-sort\/#breadcrumb"},"inLanguage":"ca-ES","potentialAction":[{"@type":"ReadAction","target":["https:\/\/www.hostalcanjosep.com\/turismo-de-aventura-en-sort\/"]}]},{"@type":"ImageObject","inLanguage":"ca-ES","@id":"https:\/\/www.hostalcanjosep.com\/turismo-de-aventura-en-sort\/#primaryimage","url":"https:\/\/i0.wp.com\/www.hostalcanjosep.com\/wp-content\/uploads\/2017\/02\/Rafting-Sort.jpeg?fit=1920%2C1280&ssl=1","contentUrl":"https:\/\/i0.wp.com\/www.hostalcanjosep.com\/wp-content\/uploads\/2017\/02\/Rafting-Sort.jpeg?fit=1920%2C1280&ssl=1","width":1920,"height":1280},{"@type":"BreadcrumbList","@id":"https:\/\/www.hostalcanjosep.com\/turismo-de-aventura-en-sort\/#breadcrumb","itemListElement":[{"@type":"ListItem","position":1,"name":"Inicio","item":"https:\/\/www.hostalcanjosep.com\/"},{"@type":"ListItem","position":2,"name":"Turismo de aventura en Sort"}]},{"@type":"WebSite","@id":"https:\/\/www.hostalcanjosep.com\/#website","url":"https:\/\/www.hostalcanjosep.com\/","name":"Hostal Can Josep","description":"Hotel a Sort, Pallars Sobir\u00e0 - Lleida","publisher":{"@id":"https:\/\/www.hostalcanjosep.com\/#organization"},"potentialAction":[{"@type":"SearchAction","target":{"@type":"EntryPoint","urlTemplate":"https:\/\/www.hostalcanjosep.com\/?s={search_term_string}"},"query-input":{"@type":"PropertyValueSpecification","valueRequired":true,"valueName":"search_term_string"}}],"inLanguage":"ca-ES"},{"@type":"Organization","@id":"https:\/\/www.hostalcanjosep.com\/#organization","name":"HOSTAL CAN JOSEP","url":"https:\/\/www.hostalcanjosep.com\/","logo":{"@type":"ImageObject","inLanguage":"ca-ES","@id":"https:\/\/www.hostalcanjosep.com\/#\/schema\/logo\/image\/","url":"https:\/\/i0.wp.com\/www.hostalcanjosep.com\/wp-content\/uploads\/2017\/02\/hostal-can-josep-logo.png?fit=596%2C255&ssl=1","contentUrl":"https:\/\/i0.wp.com\/www.hostalcanjosep.com\/wp-content\/uploads\/2017\/02\/hostal-can-josep-logo.png?fit=596%2C255&ssl=1","width":596,"height":255,"caption":"HOSTAL CAN JOSEP"},"image":{"@id":"https:\/\/www.hostalcanjosep.com\/#\/schema\/logo\/image\/"},"sameAs":["https:\/\/www.facebook.com\/hostalcanjosep\/"]}]}},"jetpack_sharing_enabled":true,"_links":{"self":[{"href":"https:\/\/www.hostalcanjosep.com\/ca\/wp-json\/wp\/v2\/pages\/523","targetHints":{"allow":["GET"]}}],"collection":[{"href":"https:\/\/www.hostalcanjosep.com\/ca\/wp-json\/wp\/v2\/pages"}],"about":[{"href":"https:\/\/www.hostalcanjosep.com\/ca\/wp-json\/wp\/v2\/types\/page"}],"author":[{"embeddable":true,"href":"https:\/\/www.hostalcanjosep.com\/ca\/wp-json\/wp\/v2\/users\/1"}],"replies":[{"embeddable":true,"href":"https:\/\/www.hostalcanjosep.com\/ca\/wp-json\/wp\/v2\/comments?post=523"}],"version-history":[{"count":0,"href":"https:\/\/www.hostalcanjosep.com\/ca\/wp-json\/wp\/v2\/pages\/523\/revisions"}],"wp:featuredmedia":[{"embeddable":true,"href":"https:\/\/www.hostalcanjosep.com\/ca\/wp-json\/wp\/v2\/media\/524"}],"wp:attachment":[{"href":"https:\/\/www.hostalcanjosep.com\/ca\/wp-json\/wp\/v2\/media?parent=523"}],"curies":[{"name":"wp","href":"https:\/\/api.w.org\/{rel}","templated":true}]}}