{"id":521,"date":"2022-01-01T00:00:04","date_gmt":"2022-01-01T00:00:04","guid":{"rendered":"http:\/\/www.hostalcanjosep.com\/?page_id=521"},"modified":"2022-07-29T15:57:19","modified_gmt":"2022-07-29T15:57:19","slug":"sort","status":"publish","type":"page","link":"https:\/\/www.hostalcanjosep.com\/ca\/el-municipi-de-sort\/","title":{"rendered":"El Municipi de Sort"},"content":{"rendered":"<p><\/p>\n<h1>Sort a Lleida, Pallars Sobir\u00e0<\/h1>\n<p><img data-recalc-dims=\"1\" loading=\"lazy\" decoding=\"async\" class=\"alignleft wp-image-64\" src=\"https:\/\/i0.wp.com\/www.hostalcanjosep.com\/wp-content\/uploads\/2022\/06\/IMG-4221-scaled.jpg?resize=600%2C450&#038;ssl=1\" alt=\"\" width=\"600\" height=\"450\" \/>Sort \u00e9s una localitat i un municipi de la prov\u00edncia de Lleida (Lleida), a Catalunya, capital de la comarca del Pallars Sobir\u00e0. Sort est\u00e0 situat a 30 quil\u00f2metres del Parc Nacional d&#8217;Aig\u00fcestortes i Estany de Sant Maurici. Est\u00e0 situada a la vora del riu d&#8217;aig\u00fces braves Noguera Pallaresa, el qual \u00e9s considerat un dels millors rius del Pirineu.<\/p>\n<h2>Sort \u00e9s un poble d&#8217;un gran atractiu<\/h2>\n<p>A destacar el seu castell constru\u00eft en l&#8217;Edat Mitjana, El carrer Major i especialment les activitats relacionades amb els usos esportius de la Noguera Pallaresa (rafting, caiac&#8230;).<\/p>\n<p>Les principals caracter\u00edstiques d&#8217;aquest bonic i acollidor poble s\u00f3n el paisatge incre\u00efble de les muntanyes que l&#8217;envolten, verdes a l&#8217;estiu, i blanques i nevades a l&#8217;hivern, i les seves amables gents.<\/p>\n<p>Quant a la gastronomia s\u00f3n t\u00edpics el formatge de Sort (el tup\u00ed), l&#8217;arr\u00f2s de carreretes, el xol\u00eds (una mena de llonganissa), i com a postres, el Filiberto.<\/p>","protected":false},"excerpt":{"rendered":"<p>Sort a Lleida, Pallars Sobir\u00e0 Sort \u00e9s una localitat i un municipi de la prov\u00edncia de Lleida (Lleida), a Catalunya, capital de la comarca del Pallars Sobir\u00e0. Sort est\u00e0 situat a 30 quil\u00f2metres del Parc Nacional d&#8217;Aig\u00fcestortes i Estany de Sant Maurici. Est\u00e0 situada a la vora del riu d&#8217;aig\u00fces braves Noguera Pallaresa, el qual &hellip;<\/p>\n","protected":false},"author":1,"featured_media":1805,"parent":0,"menu_order":0,"comment_status":"closed","ping_status":"closed","template":"","meta":{"footnotes":""},"class_list":["post-521","page","type-page","status-publish","has-post-thumbnail","hentry"],"yoast_head":"<!-- This site is optimized with the Yoast SEO plugin v27.4 - https:\/\/yoast.com\/product\/yoast-seo-wordpress\/ -->\n<title>Hostal Can Josep - Sort in the Pyrenees<\/title>\n<meta name=\"description\" content=\"Sort en Lleida, Pallars Sobir\u00e0 Sort es una localidad y un municipio de la provincia de L\u00e9rida (Lleida), en Catalu\u00f1a, capital de la comarca del Pallars\" \/>\n<meta name=\"robots\" content=\"index, follow, max-snippet:-1, max-image-preview:large, max-video-preview:-1\" \/>\n<link rel=\"canonical\" href=\"https:\/\/www.hostalcanjosep.com\/en\/about-sort\/\" \/>\n<meta property=\"og:locale\" content=\"ca_ES\" \/>\n<meta property=\"og:type\" content=\"article\" \/>\n<meta property=\"og:title\" content=\"Hostal Can Josep - Sort in the Pyrenees\" \/>\n<meta property=\"og:description\" content=\"Sort en Lleida, Pallars Sobir\u00e0 Sort es una localidad y un municipio de la provincia de L\u00e9rida (Lleida), en Catalu\u00f1a, capital de la comarca del Pallars\" \/>\n<meta property=\"og:url\" content=\"https:\/\/www.hostalcanjosep.com\/en\/about-sort\/\" \/>\n<meta property=\"og:site_name\" content=\"Hostal Can Josep\" \/>\n<meta property=\"article:publisher\" content=\"https:\/\/www.facebook.com\/hostalcanjosep\/\" \/>\n<meta property=\"article:modified_time\" content=\"2022-07-29T15:57:19+00:00\" \/>\n<meta property=\"og:image\" content=\"https:\/\/i0.wp.com\/www.hostalcanjosep.com\/wp-content\/uploads\/2022\/06\/IMG-4221-scaled.jpg?fit=2560%2C1920&ssl=1\" \/>\n\t<meta property=\"og:image:width\" content=\"2560\" \/>\n\t<meta property=\"og:image:height\" content=\"1920\" \/>\n\t<meta property=\"og:image:type\" content=\"image\/jpeg\" \/>\n<meta name=\"twitter:card\" content=\"summary_large_image\" \/>\n<meta name=\"twitter:label1\" content=\"Est. reading time\" \/>\n\t<meta name=\"twitter:data1\" content=\"1 minute\" \/>\n<script type=\"application\/ld+json\" class=\"yoast-schema-graph\">{\"@context\":\"https:\\\/\\\/schema.org\",\"@graph\":[{\"@type\":\"WebPage\",\"@id\":\"https:\\\/\\\/www.hostalcanjosep.com\\\/en\\\/about-sort\\\/\",\"url\":\"https:\\\/\\\/www.hostalcanjosep.com\\\/en\\\/about-sort\\\/\",\"name\":\"Hostal Can Josep - Sort in the Pyrenees\",\"isPartOf\":{\"@id\":\"https:\\\/\\\/www.hostalcanjosep.com\\\/#website\"},\"primaryImageOfPage\":{\"@id\":\"https:\\\/\\\/www.hostalcanjosep.com\\\/en\\\/about-sort\\\/#primaryimage\"},\"image\":{\"@id\":\"https:\\\/\\\/www.hostalcanjosep.com\\\/en\\\/about-sort\\\/#primaryimage\"},\"thumbnailUrl\":\"https:\\\/\\\/i0.wp.com\\\/www.hostalcanjosep.com\\\/wp-content\\\/uploads\\\/2022\\\/06\\\/IMG-4221-scaled.jpg?fit=2560%2C1920&ssl=1\",\"datePublished\":\"2022-01-01T00:00:04+00:00\",\"dateModified\":\"2022-07-29T15:57:19+00:00\",\"description\":\"Sort en Lleida, Pallars Sobir\u00e0 Sort es una localidad y un municipio de la provincia de L\u00e9rida (Lleida), en Catalu\u00f1a, capital de la comarca del Pallars\",\"breadcrumb\":{\"@id\":\"https:\\\/\\\/www.hostalcanjosep.com\\\/en\\\/about-sort\\\/#breadcrumb\"},\"inLanguage\":\"ca-ES\",\"potentialAction\":[{\"@type\":\"ReadAction\",\"target\":[\"https:\\\/\\\/www.hostalcanjosep.com\\\/en\\\/about-sort\\\/\"]}]},{\"@type\":\"ImageObject\",\"inLanguage\":\"ca-ES\",\"@id\":\"https:\\\/\\\/www.hostalcanjosep.com\\\/en\\\/about-sort\\\/#primaryimage\",\"url\":\"https:\\\/\\\/i0.wp.com\\\/www.hostalcanjosep.com\\\/wp-content\\\/uploads\\\/2022\\\/06\\\/IMG-4221-scaled.jpg?fit=2560%2C1920&ssl=1\",\"contentUrl\":\"https:\\\/\\\/i0.wp.com\\\/www.hostalcanjosep.com\\\/wp-content\\\/uploads\\\/2022\\\/06\\\/IMG-4221-scaled.jpg?fit=2560%2C1920&ssl=1\",\"width\":2560,\"height\":1920},{\"@type\":\"BreadcrumbList\",\"@id\":\"https:\\\/\\\/www.hostalcanjosep.com\\\/en\\\/about-sort\\\/#breadcrumb\",\"itemListElement\":[{\"@type\":\"ListItem\",\"position\":1,\"name\":\"Inicio\",\"item\":\"https:\\\/\\\/www.hostalcanjosep.com\\\/\"},{\"@type\":\"ListItem\",\"position\":2,\"name\":\"About Sort\"}]},{\"@type\":\"WebSite\",\"@id\":\"https:\\\/\\\/www.hostalcanjosep.com\\\/#website\",\"url\":\"https:\\\/\\\/www.hostalcanjosep.com\\\/\",\"name\":\"Hostal Can Josep\",\"description\":\"Hotel a Sort, Pallars Sobir\u00e0 - Lleida\",\"publisher\":{\"@id\":\"https:\\\/\\\/www.hostalcanjosep.com\\\/#organization\"},\"potentialAction\":[{\"@type\":\"SearchAction\",\"target\":{\"@type\":\"EntryPoint\",\"urlTemplate\":\"https:\\\/\\\/www.hostalcanjosep.com\\\/?s={search_term_string}\"},\"query-input\":{\"@type\":\"PropertyValueSpecification\",\"valueRequired\":true,\"valueName\":\"search_term_string\"}}],\"inLanguage\":\"ca-ES\"},{\"@type\":\"Organization\",\"@id\":\"https:\\\/\\\/www.hostalcanjosep.com\\\/#organization\",\"name\":\"HOSTAL CAN JOSEP\",\"url\":\"https:\\\/\\\/www.hostalcanjosep.com\\\/\",\"logo\":{\"@type\":\"ImageObject\",\"inLanguage\":\"ca-ES\",\"@id\":\"https:\\\/\\\/www.hostalcanjosep.com\\\/#\\\/schema\\\/logo\\\/image\\\/\",\"url\":\"https:\\\/\\\/i0.wp.com\\\/www.hostalcanjosep.com\\\/wp-content\\\/uploads\\\/2017\\\/02\\\/hostal-can-josep-logo.png?fit=596%2C255&ssl=1\",\"contentUrl\":\"https:\\\/\\\/i0.wp.com\\\/www.hostalcanjosep.com\\\/wp-content\\\/uploads\\\/2017\\\/02\\\/hostal-can-josep-logo.png?fit=596%2C255&ssl=1\",\"width\":596,\"height\":255,\"caption\":\"HOSTAL CAN JOSEP\"},\"image\":{\"@id\":\"https:\\\/\\\/www.hostalcanjosep.com\\\/#\\\/schema\\\/logo\\\/image\\\/\"},\"sameAs\":[\"https:\\\/\\\/www.facebook.com\\\/hostalcanjosep\\\/\"]}]}<\/script>\n<!-- \/ Yoast SEO plugin. -->","yoast_head_json":{"title":"Hostal Can Josep - Sort in the Pyrenees","description":"Sort en Lleida, Pallars Sobir\u00e0 Sort es una localidad y un municipio de la provincia de L\u00e9rida (Lleida), en Catalu\u00f1a, capital de la comarca del Pallars","robots":{"index":"index","follow":"follow","max-snippet":"max-snippet:-1","max-image-preview":"max-image-preview:large","max-video-preview":"max-video-preview:-1"},"canonical":"https:\/\/www.hostalcanjosep.com\/en\/about-sort\/","og_locale":"ca_ES","og_type":"article","og_title":"Hostal Can Josep - Sort in the Pyrenees","og_description":"Sort en Lleida, Pallars Sobir\u00e0 Sort es una localidad y un municipio de la provincia de L\u00e9rida (Lleida), en Catalu\u00f1a, capital de la comarca del Pallars","og_url":"https:\/\/www.hostalcanjosep.com\/en\/about-sort\/","og_site_name":"Hostal Can Josep","article_publisher":"https:\/\/www.facebook.com\/hostalcanjosep\/","article_modified_time":"2022-07-29T15:57:19+00:00","og_image":[{"width":2560,"height":1920,"url":"https:\/\/i0.wp.com\/www.hostalcanjosep.com\/wp-content\/uploads\/2022\/06\/IMG-4221-scaled.jpg?fit=2560%2C1920&ssl=1","type":"image\/jpeg"}],"twitter_card":"summary_large_image","twitter_misc":{"Est. reading time":"1 minute"},"schema":{"@context":"https:\/\/schema.org","@graph":[{"@type":"WebPage","@id":"https:\/\/www.hostalcanjosep.com\/en\/about-sort\/","url":"https:\/\/www.hostalcanjosep.com\/en\/about-sort\/","name":"Hostal Can Josep - Sort in the Pyrenees","isPartOf":{"@id":"https:\/\/www.hostalcanjosep.com\/#website"},"primaryImageOfPage":{"@id":"https:\/\/www.hostalcanjosep.com\/en\/about-sort\/#primaryimage"},"image":{"@id":"https:\/\/www.hostalcanjosep.com\/en\/about-sort\/#primaryimage"},"thumbnailUrl":"https:\/\/i0.wp.com\/www.hostalcanjosep.com\/wp-content\/uploads\/2022\/06\/IMG-4221-scaled.jpg?fit=2560%2C1920&ssl=1","datePublished":"2022-01-01T00:00:04+00:00","dateModified":"2022-07-29T15:57:19+00:00","description":"Sort en Lleida, Pallars Sobir\u00e0 Sort es una localidad y un municipio de la provincia de L\u00e9rida (Lleida), en Catalu\u00f1a, capital de la comarca del Pallars","breadcrumb":{"@id":"https:\/\/www.hostalcanjosep.com\/en\/about-sort\/#breadcrumb"},"inLanguage":"ca-ES","potentialAction":[{"@type":"ReadAction","target":["https:\/\/www.hostalcanjosep.com\/en\/about-sort\/"]}]},{"@type":"ImageObject","inLanguage":"ca-ES","@id":"https:\/\/www.hostalcanjosep.com\/en\/about-sort\/#primaryimage","url":"https:\/\/i0.wp.com\/www.hostalcanjosep.com\/wp-content\/uploads\/2022\/06\/IMG-4221-scaled.jpg?fit=2560%2C1920&ssl=1","contentUrl":"https:\/\/i0.wp.com\/www.hostalcanjosep.com\/wp-content\/uploads\/2022\/06\/IMG-4221-scaled.jpg?fit=2560%2C1920&ssl=1","width":2560,"height":1920},{"@type":"BreadcrumbList","@id":"https:\/\/www.hostalcanjosep.com\/en\/about-sort\/#breadcrumb","itemListElement":[{"@type":"ListItem","position":1,"name":"Inicio","item":"https:\/\/www.hostalcanjosep.com\/"},{"@type":"ListItem","position":2,"name":"About Sort"}]},{"@type":"WebSite","@id":"https:\/\/www.hostalcanjosep.com\/#website","url":"https:\/\/www.hostalcanjosep.com\/","name":"Hostal Can Josep","description":"Hotel a Sort, Pallars Sobir\u00e0 - Lleida","publisher":{"@id":"https:\/\/www.hostalcanjosep.com\/#organization"},"potentialAction":[{"@type":"SearchAction","target":{"@type":"EntryPoint","urlTemplate":"https:\/\/www.hostalcanjosep.com\/?s={search_term_string}"},"query-input":{"@type":"PropertyValueSpecification","valueRequired":true,"valueName":"search_term_string"}}],"inLanguage":"ca-ES"},{"@type":"Organization","@id":"https:\/\/www.hostalcanjosep.com\/#organization","name":"HOSTAL CAN JOSEP","url":"https:\/\/www.hostalcanjosep.com\/","logo":{"@type":"ImageObject","inLanguage":"ca-ES","@id":"https:\/\/www.hostalcanjosep.com\/#\/schema\/logo\/image\/","url":"https:\/\/i0.wp.com\/www.hostalcanjosep.com\/wp-content\/uploads\/2017\/02\/hostal-can-josep-logo.png?fit=596%2C255&ssl=1","contentUrl":"https:\/\/i0.wp.com\/www.hostalcanjosep.com\/wp-content\/uploads\/2017\/02\/hostal-can-josep-logo.png?fit=596%2C255&ssl=1","width":596,"height":255,"caption":"HOSTAL CAN JOSEP"},"image":{"@id":"https:\/\/www.hostalcanjosep.com\/#\/schema\/logo\/image\/"},"sameAs":["https:\/\/www.facebook.com\/hostalcanjosep\/"]}]}},"jetpack_sharing_enabled":true,"_links":{"self":[{"href":"https:\/\/www.hostalcanjosep.com\/ca\/wp-json\/wp\/v2\/pages\/521","targetHints":{"allow":["GET"]}}],"collection":[{"href":"https:\/\/www.hostalcanjosep.com\/ca\/wp-json\/wp\/v2\/pages"}],"about":[{"href":"https:\/\/www.hostalcanjosep.com\/ca\/wp-json\/wp\/v2\/types\/page"}],"author":[{"embeddable":true,"href":"https:\/\/www.hostalcanjosep.com\/ca\/wp-json\/wp\/v2\/users\/1"}],"replies":[{"embeddable":true,"href":"https:\/\/www.hostalcanjosep.com\/ca\/wp-json\/wp\/v2\/comments?post=521"}],"version-history":[{"count":0,"href":"https:\/\/www.hostalcanjosep.com\/ca\/wp-json\/wp\/v2\/pages\/521\/revisions"}],"wp:featuredmedia":[{"embeddable":true,"href":"https:\/\/www.hostalcanjosep.com\/ca\/wp-json\/wp\/v2\/media\/1805"}],"wp:attachment":[{"href":"https:\/\/www.hostalcanjosep.com\/ca\/wp-json\/wp\/v2\/media?parent=521"}],"curies":[{"name":"wp","href":"https:\/\/api.w.org\/{rel}","templated":true}]}}