{"id":30,"date":"2022-01-01T00:00:13","date_gmt":"2022-01-01T00:00:13","guid":{"rendered":"http:\/\/www.hostalcanjosep.com\/?page_id=30"},"modified":"2022-07-01T21:19:02","modified_gmt":"2022-07-01T21:19:02","slug":"acerca-de-can-josep","status":"publish","type":"page","link":"https:\/\/www.hostalcanjosep.com\/ca\/sobre-can-josep\/","title":{"rendered":"Sobre Can Josep"},"content":{"rendered":"<p><\/p>\n<h1>La Nostra Hist\u00f2ria<\/h1>\n<p><img data-recalc-dims=\"1\" loading=\"lazy\" decoding=\"async\" class=\"alignleft wp-image-31\" src=\"https:\/\/i0.wp.com\/www.hostalcanjosep.com\/wp-content\/uploads\/2011\/03\/16804141_1242004812513395_3946573388845447456_o.jpg?resize=622%2C350&#038;ssl=1\" alt=\"\" width=\"622\" height=\"350\" \/>&nbsp;<br \/>\nHostal Can Josep va ser fundat l&#8217;any 1978 per Josep Capdevila i Rosa Adu\u00e0 amb la intenci\u00f3 d&#8217;oferir als turistes espanyols i francesos que acudien a estiuejar a Sort, una alternativa als hotels. El seu prop\u00f2sit: un petit hostal amb tracte familiar, on els clients fossin un m\u00e9s de la casa i se sentissin com a casa seva.<\/p>\n<p>Des de llavors i fins a l&#8217;actualitat, turistes de tot el m\u00f3n: espanyols, del Jap\u00f3, Israel, Estats Units, Anglaterra, i fins i tot de Tasm\u00e0nia a Austr\u00e0lia han gaudit de l&#8217;hospitalitat de Can Josep, de les muntanyes de Sort i la seva vall, de la gastronomia del Pallars Sobir\u00e0, de la neu i el esqu\u00ed, i del rafting a les aig\u00fces del riu Noguera Pallaresa.<\/p>\n<p>Benvinguts a Hostal Can Josep. Et sentir\u00e0s com a casa.<\/p>","protected":false},"excerpt":{"rendered":"<p>La Nostra Hist\u00f2ria &nbsp; Hostal Can Josep va ser fundat l&#8217;any 1978 per Josep Capdevila i Rosa Adu\u00e0 amb la intenci\u00f3 d&#8217;oferir als turistes espanyols i francesos que acudien a estiuejar a Sort, una alternativa als hotels. El seu prop\u00f2sit: un petit hostal amb tracte familiar, on els clients fossin un m\u00e9s de la casa &hellip;<\/p>\n","protected":false},"author":1,"featured_media":0,"parent":0,"menu_order":0,"comment_status":"closed","ping_status":"open","template":"","meta":{"footnotes":""},"class_list":["post-30","page","type-page","status-publish","hentry"],"yoast_head":"<!-- This site is optimized with the Yoast SEO plugin v27.4 - https:\/\/yoast.com\/product\/yoast-seo-wordpress\/ -->\n<title>Sobre Can Josep - Hostal Can Josep<\/title>\n<meta name=\"description\" content=\"Nuestra Historia &nbsp; Hostal Can Josep fue fundado en el a\u00f1o 1978 por Josep Capdevila y Rosa Adu\u00e0 con la intenci\u00f3n de ofrecer a los turistas espa\u00f1oles y\" \/>\n<meta name=\"robots\" content=\"index, follow, max-snippet:-1, max-image-preview:large, max-video-preview:-1\" \/>\n<link rel=\"canonical\" href=\"https:\/\/www.hostalcanjosep.com\/acerca-de-can-josep\/\" \/>\n<meta property=\"og:locale\" content=\"ca_ES\" \/>\n<meta property=\"og:type\" content=\"article\" \/>\n<meta property=\"og:title\" content=\"Sobre Can Josep - Hostal Can Josep\" \/>\n<meta property=\"og:description\" content=\"Nuestra Historia &nbsp; Hostal Can Josep fue fundado en el a\u00f1o 1978 por Josep Capdevila y Rosa Adu\u00e0 con la intenci\u00f3n de ofrecer a los turistas espa\u00f1oles y\" \/>\n<meta property=\"og:url\" content=\"https:\/\/www.hostalcanjosep.com\/acerca-de-can-josep\/\" \/>\n<meta property=\"og:site_name\" content=\"Hostal Can Josep\" \/>\n<meta property=\"article:publisher\" content=\"https:\/\/www.facebook.com\/hostalcanjosep\/\" \/>\n<meta property=\"article:modified_time\" content=\"2022-07-01T21:19:02+00:00\" \/>\n<meta property=\"og:image\" content=\"https:\/\/www.hostalcanjosep.com\/wp-content\/uploads\/2011\/03\/16804141_1242004812513395_3946573388845447456_o.jpg\" \/>\n<meta name=\"twitter:card\" content=\"summary_large_image\" \/>\n<meta name=\"twitter:label1\" content=\"Est. reading time\" \/>\n\t<meta name=\"twitter:data1\" content=\"1 minute\" \/>\n<script type=\"application\/ld+json\" class=\"yoast-schema-graph\">{\"@context\":\"https:\\\/\\\/schema.org\",\"@graph\":[{\"@type\":\"WebPage\",\"@id\":\"https:\\\/\\\/www.hostalcanjosep.com\\\/acerca-de-can-josep\\\/\",\"url\":\"https:\\\/\\\/www.hostalcanjosep.com\\\/acerca-de-can-josep\\\/\",\"name\":\"Sobre Can Josep - Hostal Can Josep\",\"isPartOf\":{\"@id\":\"https:\\\/\\\/www.hostalcanjosep.com\\\/#website\"},\"primaryImageOfPage\":{\"@id\":\"https:\\\/\\\/www.hostalcanjosep.com\\\/acerca-de-can-josep\\\/#primaryimage\"},\"image\":{\"@id\":\"https:\\\/\\\/www.hostalcanjosep.com\\\/acerca-de-can-josep\\\/#primaryimage\"},\"thumbnailUrl\":\"https:\\\/\\\/www.hostalcanjosep.com\\\/wp-content\\\/uploads\\\/2011\\\/03\\\/16804141_1242004812513395_3946573388845447456_o.jpg\",\"datePublished\":\"2022-01-01T00:00:13+00:00\",\"dateModified\":\"2022-07-01T21:19:02+00:00\",\"description\":\"Nuestra Historia &nbsp; Hostal Can Josep fue fundado en el a\u00f1o 1978 por Josep Capdevila y Rosa Adu\u00e0 con la intenci\u00f3n de ofrecer a los turistas espa\u00f1oles y\",\"breadcrumb\":{\"@id\":\"https:\\\/\\\/www.hostalcanjosep.com\\\/acerca-de-can-josep\\\/#breadcrumb\"},\"inLanguage\":\"ca-ES\",\"potentialAction\":[{\"@type\":\"ReadAction\",\"target\":[\"https:\\\/\\\/www.hostalcanjosep.com\\\/acerca-de-can-josep\\\/\"]}]},{\"@type\":\"ImageObject\",\"inLanguage\":\"ca-ES\",\"@id\":\"https:\\\/\\\/www.hostalcanjosep.com\\\/acerca-de-can-josep\\\/#primaryimage\",\"url\":\"https:\\\/\\\/www.hostalcanjosep.com\\\/wp-content\\\/uploads\\\/2011\\\/03\\\/16804141_1242004812513395_3946573388845447456_o.jpg\",\"contentUrl\":\"https:\\\/\\\/www.hostalcanjosep.com\\\/wp-content\\\/uploads\\\/2011\\\/03\\\/16804141_1242004812513395_3946573388845447456_o.jpg\"},{\"@type\":\"BreadcrumbList\",\"@id\":\"https:\\\/\\\/www.hostalcanjosep.com\\\/acerca-de-can-josep\\\/#breadcrumb\",\"itemListElement\":[{\"@type\":\"ListItem\",\"position\":1,\"name\":\"Inicio\",\"item\":\"https:\\\/\\\/www.hostalcanjosep.com\\\/\"},{\"@type\":\"ListItem\",\"position\":2,\"name\":\"Acerca de Can Josep\"}]},{\"@type\":\"WebSite\",\"@id\":\"https:\\\/\\\/www.hostalcanjosep.com\\\/#website\",\"url\":\"https:\\\/\\\/www.hostalcanjosep.com\\\/\",\"name\":\"Hostal Can Josep\",\"description\":\"Hotel a Sort, Pallars Sobir\u00e0 - Lleida\",\"publisher\":{\"@id\":\"https:\\\/\\\/www.hostalcanjosep.com\\\/#organization\"},\"potentialAction\":[{\"@type\":\"SearchAction\",\"target\":{\"@type\":\"EntryPoint\",\"urlTemplate\":\"https:\\\/\\\/www.hostalcanjosep.com\\\/?s={search_term_string}\"},\"query-input\":{\"@type\":\"PropertyValueSpecification\",\"valueRequired\":true,\"valueName\":\"search_term_string\"}}],\"inLanguage\":\"ca-ES\"},{\"@type\":\"Organization\",\"@id\":\"https:\\\/\\\/www.hostalcanjosep.com\\\/#organization\",\"name\":\"HOSTAL CAN JOSEP\",\"url\":\"https:\\\/\\\/www.hostalcanjosep.com\\\/\",\"logo\":{\"@type\":\"ImageObject\",\"inLanguage\":\"ca-ES\",\"@id\":\"https:\\\/\\\/www.hostalcanjosep.com\\\/#\\\/schema\\\/logo\\\/image\\\/\",\"url\":\"https:\\\/\\\/i0.wp.com\\\/www.hostalcanjosep.com\\\/wp-content\\\/uploads\\\/2017\\\/02\\\/hostal-can-josep-logo.png?fit=596%2C255&ssl=1\",\"contentUrl\":\"https:\\\/\\\/i0.wp.com\\\/www.hostalcanjosep.com\\\/wp-content\\\/uploads\\\/2017\\\/02\\\/hostal-can-josep-logo.png?fit=596%2C255&ssl=1\",\"width\":596,\"height\":255,\"caption\":\"HOSTAL CAN JOSEP\"},\"image\":{\"@id\":\"https:\\\/\\\/www.hostalcanjosep.com\\\/#\\\/schema\\\/logo\\\/image\\\/\"},\"sameAs\":[\"https:\\\/\\\/www.facebook.com\\\/hostalcanjosep\\\/\"]}]}<\/script>\n<!-- \/ Yoast SEO plugin. -->","yoast_head_json":{"title":"Sobre Can Josep - Hostal Can Josep","description":"Nuestra Historia &nbsp; Hostal Can Josep fue fundado en el a\u00f1o 1978 por Josep Capdevila y Rosa Adu\u00e0 con la intenci\u00f3n de ofrecer a los turistas espa\u00f1oles y","robots":{"index":"index","follow":"follow","max-snippet":"max-snippet:-1","max-image-preview":"max-image-preview:large","max-video-preview":"max-video-preview:-1"},"canonical":"https:\/\/www.hostalcanjosep.com\/acerca-de-can-josep\/","og_locale":"ca_ES","og_type":"article","og_title":"Sobre Can Josep - Hostal Can Josep","og_description":"Nuestra Historia &nbsp; Hostal Can Josep fue fundado en el a\u00f1o 1978 por Josep Capdevila y Rosa Adu\u00e0 con la intenci\u00f3n de ofrecer a los turistas espa\u00f1oles y","og_url":"https:\/\/www.hostalcanjosep.com\/acerca-de-can-josep\/","og_site_name":"Hostal Can Josep","article_publisher":"https:\/\/www.facebook.com\/hostalcanjosep\/","article_modified_time":"2022-07-01T21:19:02+00:00","og_image":[{"url":"https:\/\/www.hostalcanjosep.com\/wp-content\/uploads\/2011\/03\/16804141_1242004812513395_3946573388845447456_o.jpg","type":"","width":"","height":""}],"twitter_card":"summary_large_image","twitter_misc":{"Est. reading time":"1 minute"},"schema":{"@context":"https:\/\/schema.org","@graph":[{"@type":"WebPage","@id":"https:\/\/www.hostalcanjosep.com\/acerca-de-can-josep\/","url":"https:\/\/www.hostalcanjosep.com\/acerca-de-can-josep\/","name":"Sobre Can Josep - Hostal Can Josep","isPartOf":{"@id":"https:\/\/www.hostalcanjosep.com\/#website"},"primaryImageOfPage":{"@id":"https:\/\/www.hostalcanjosep.com\/acerca-de-can-josep\/#primaryimage"},"image":{"@id":"https:\/\/www.hostalcanjosep.com\/acerca-de-can-josep\/#primaryimage"},"thumbnailUrl":"https:\/\/www.hostalcanjosep.com\/wp-content\/uploads\/2011\/03\/16804141_1242004812513395_3946573388845447456_o.jpg","datePublished":"2022-01-01T00:00:13+00:00","dateModified":"2022-07-01T21:19:02+00:00","description":"Nuestra Historia &nbsp; Hostal Can Josep fue fundado en el a\u00f1o 1978 por Josep Capdevila y Rosa Adu\u00e0 con la intenci\u00f3n de ofrecer a los turistas espa\u00f1oles y","breadcrumb":{"@id":"https:\/\/www.hostalcanjosep.com\/acerca-de-can-josep\/#breadcrumb"},"inLanguage":"ca-ES","potentialAction":[{"@type":"ReadAction","target":["https:\/\/www.hostalcanjosep.com\/acerca-de-can-josep\/"]}]},{"@type":"ImageObject","inLanguage":"ca-ES","@id":"https:\/\/www.hostalcanjosep.com\/acerca-de-can-josep\/#primaryimage","url":"https:\/\/www.hostalcanjosep.com\/wp-content\/uploads\/2011\/03\/16804141_1242004812513395_3946573388845447456_o.jpg","contentUrl":"https:\/\/www.hostalcanjosep.com\/wp-content\/uploads\/2011\/03\/16804141_1242004812513395_3946573388845447456_o.jpg"},{"@type":"BreadcrumbList","@id":"https:\/\/www.hostalcanjosep.com\/acerca-de-can-josep\/#breadcrumb","itemListElement":[{"@type":"ListItem","position":1,"name":"Inicio","item":"https:\/\/www.hostalcanjosep.com\/"},{"@type":"ListItem","position":2,"name":"Acerca de Can Josep"}]},{"@type":"WebSite","@id":"https:\/\/www.hostalcanjosep.com\/#website","url":"https:\/\/www.hostalcanjosep.com\/","name":"Hostal Can Josep","description":"Hotel a Sort, Pallars Sobir\u00e0 - Lleida","publisher":{"@id":"https:\/\/www.hostalcanjosep.com\/#organization"},"potentialAction":[{"@type":"SearchAction","target":{"@type":"EntryPoint","urlTemplate":"https:\/\/www.hostalcanjosep.com\/?s={search_term_string}"},"query-input":{"@type":"PropertyValueSpecification","valueRequired":true,"valueName":"search_term_string"}}],"inLanguage":"ca-ES"},{"@type":"Organization","@id":"https:\/\/www.hostalcanjosep.com\/#organization","name":"HOSTAL CAN JOSEP","url":"https:\/\/www.hostalcanjosep.com\/","logo":{"@type":"ImageObject","inLanguage":"ca-ES","@id":"https:\/\/www.hostalcanjosep.com\/#\/schema\/logo\/image\/","url":"https:\/\/i0.wp.com\/www.hostalcanjosep.com\/wp-content\/uploads\/2017\/02\/hostal-can-josep-logo.png?fit=596%2C255&ssl=1","contentUrl":"https:\/\/i0.wp.com\/www.hostalcanjosep.com\/wp-content\/uploads\/2017\/02\/hostal-can-josep-logo.png?fit=596%2C255&ssl=1","width":596,"height":255,"caption":"HOSTAL CAN JOSEP"},"image":{"@id":"https:\/\/www.hostalcanjosep.com\/#\/schema\/logo\/image\/"},"sameAs":["https:\/\/www.facebook.com\/hostalcanjosep\/"]}]}},"jetpack_sharing_enabled":true,"_links":{"self":[{"href":"https:\/\/www.hostalcanjosep.com\/ca\/wp-json\/wp\/v2\/pages\/30","targetHints":{"allow":["GET"]}}],"collection":[{"href":"https:\/\/www.hostalcanjosep.com\/ca\/wp-json\/wp\/v2\/pages"}],"about":[{"href":"https:\/\/www.hostalcanjosep.com\/ca\/wp-json\/wp\/v2\/types\/page"}],"author":[{"embeddable":true,"href":"https:\/\/www.hostalcanjosep.com\/ca\/wp-json\/wp\/v2\/users\/1"}],"replies":[{"embeddable":true,"href":"https:\/\/www.hostalcanjosep.com\/ca\/wp-json\/wp\/v2\/comments?post=30"}],"version-history":[{"count":0,"href":"https:\/\/www.hostalcanjosep.com\/ca\/wp-json\/wp\/v2\/pages\/30\/revisions"}],"wp:attachment":[{"href":"https:\/\/www.hostalcanjosep.com\/ca\/wp-json\/wp\/v2\/media?parent=30"}],"curies":[{"name":"wp","href":"https:\/\/api.w.org\/{rel}","templated":true}]}}