{"id":2,"date":"2022-01-01T01:01:20","date_gmt":"2022-01-01T01:01:20","guid":{"rendered":"http:\/\/www.hostalcanjosep.com\/?page_id=2"},"modified":"2024-09-13T15:40:39","modified_gmt":"2024-09-13T15:40:39","slug":"habitaciones","status":"publish","type":"page","link":"https:\/\/www.hostalcanjosep.com\/ca\/habitacions\/","title":{"rendered":"Habitacions"},"content":{"rendered":"<p><\/p>\n<h1>Les Habitacions<\/h1>\n<p><img data-recalc-dims=\"1\" loading=\"lazy\" decoding=\"async\" class=\"alignleft size-medium wp-image-18\" src=\"https:\/\/i0.wp.com\/www.hostalcanjosep.com\/wp-content\/uploads\/2022\/06\/IMG-4141-scaled.jpg?resize=384%2C288&#038;ssl=1\" alt=\"\" width=\"384\" height=\"288\" \/><br \/>\n<strong style=\"color: #fff; background-color: #008000;\"> \u00a0Les habitacions s\u00f3n senzilles per\u00f2 molt confortables, d&#8217;acord amb l&#8217;entorn muntany\u00f3s en el qual es troba Sort. \u00a0<\/strong><\/p>\n<p>&nbsp;<\/p>\n<p>&nbsp;<\/p>\n<ul>\n<li><b>Cada habitaci\u00f3 disposa de bany, televisi\u00f3 i calefacci\u00f3.<\/b><\/li>\n<li><b>Disposem de Parking Tancat per a Motos<\/b><\/li>\n<li><b>Cap habitaci\u00f3 disposa de aire acondicionat.<\/b><\/li>\n<li><b>No s\u2019acepten mascotes en les nostres instal\u00b7lacions.<\/b><\/li>\n<li><b>Totes les plantes de l&#8217;hostal tenen acc\u00e9s per ascensor.<\/b><\/li>\n<li><b>Disposem de Restaurant i Bar.<\/b><\/li>\n<li><b>Disposem de Wifi Gratis en tot l&#8217;establiment.<\/b><\/li>\n<li><b>F\u00e0cil aparcament en els nostres voltants.<\/b><\/li>\n<\/ul>\n<p>En el nostre hostal, podran descansar i dormir amb tota la tranquilitat i el silenci que proporciona la seva ubicaci\u00f3.<\/p>\n<p><a class=\"ttfmake-button\" style=\"background: green;\" href=\"https:\/\/www.hostalcanjosep.com\/ca\/preus\/\">Veure Preus<\/a> o <a class=\"ttfmake-button\" style=\"background: red;\" href=\"https:\/\/www.hostalcanjosep.com\/ca\/reserves\/\">Reservar Ara!<\/a><\/p>","protected":false},"excerpt":{"rendered":"<p>Les Habitacions \u00a0Les habitacions s\u00f3n senzilles per\u00f2 molt confortables, d&#8217;acord amb l&#8217;entorn muntany\u00f3s en el qual es troba Sort. \u00a0 &nbsp; &nbsp; Cada habitaci\u00f3 disposa de bany, televisi\u00f3 i calefacci\u00f3. Disposem de Parking Tancat per a Motos Cap habitaci\u00f3 disposa de aire acondicionat. No s\u2019acepten mascotes en les nostres instal\u00b7lacions. Totes les plantes de l&#8217;hostal &hellip;<\/p>\n","protected":false},"author":1,"featured_media":1796,"parent":0,"menu_order":0,"comment_status":"closed","ping_status":"open","template":"","meta":{"footnotes":""},"class_list":["post-2","page","type-page","status-publish","has-post-thumbnail","hentry"],"yoast_head":"<!-- This site is optimized with the Yoast SEO plugin v27.5 - https:\/\/yoast.com\/product\/yoast-seo-wordpress\/ -->\n<title>Les Habitacions - Hostal Can Josep Hostal Can Josep - Habitacions<\/title>\n<meta name=\"description\" content=\"(Espa\u00f1ol) Nuestras sencillas pero c\u00f3modas y confortables habitaciones a un precio asequible. No te quedes sin tu habitaci\u00f3n!\" \/>\n<meta name=\"robots\" content=\"index, follow, max-snippet:-1, max-image-preview:large, max-video-preview:-1\" \/>\n<link rel=\"canonical\" href=\"https:\/\/www.hostalcanjosep.com\/ca\/habitacions\/\" \/>\n<meta property=\"og:locale\" content=\"ca_ES\" \/>\n<meta property=\"og:type\" content=\"article\" \/>\n<meta property=\"og:title\" content=\"Les Habitacions - Hostal Can Josep Hostal Can Josep - Habitacions\" \/>\n<meta property=\"og:description\" content=\"(Espa\u00f1ol) Nuestras sencillas pero c\u00f3modas y confortables habitaciones a un precio asequible. No te quedes sin tu habitaci\u00f3n!\" \/>\n<meta property=\"og:url\" content=\"https:\/\/www.hostalcanjosep.com\/ca\/habitacions\/\" \/>\n<meta property=\"og:site_name\" content=\"Hostal Can Josep\" \/>\n<meta property=\"article:publisher\" content=\"https:\/\/www.facebook.com\/hostalcanjosep\/\" \/>\n<meta property=\"article:modified_time\" content=\"2024-09-13T15:40:39+00:00\" \/>\n<meta property=\"og:image\" content=\"https:\/\/i0.wp.com\/www.hostalcanjosep.com\/wp-content\/uploads\/2022\/06\/IMG-4141-scaled.jpg?fit=2560%2C1920&ssl=1\" \/>\n\t<meta property=\"og:image:width\" content=\"2560\" \/>\n\t<meta property=\"og:image:height\" content=\"1920\" \/>\n\t<meta property=\"og:image:type\" content=\"image\/jpeg\" \/>\n<meta name=\"twitter:card\" content=\"summary_large_image\" \/>\n<meta name=\"twitter:label1\" content=\"Est. reading time\" \/>\n\t<meta name=\"twitter:data1\" content=\"1 minute\" \/>\n<script type=\"application\/ld+json\" class=\"yoast-schema-graph\">{\"@context\":\"https:\\\/\\\/schema.org\",\"@graph\":[{\"@type\":\"WebPage\",\"@id\":\"https:\\\/\\\/www.hostalcanjosep.com\\\/ca\\\/habitacions\\\/\",\"url\":\"https:\\\/\\\/www.hostalcanjosep.com\\\/ca\\\/habitacions\\\/\",\"name\":\"Les Habitacions - Hostal Can Josep Hostal Can Josep - Habitacions\",\"isPartOf\":{\"@id\":\"https:\\\/\\\/www.hostalcanjosep.com\\\/#website\"},\"primaryImageOfPage\":{\"@id\":\"https:\\\/\\\/www.hostalcanjosep.com\\\/ca\\\/habitacions\\\/#primaryimage\"},\"image\":{\"@id\":\"https:\\\/\\\/www.hostalcanjosep.com\\\/ca\\\/habitacions\\\/#primaryimage\"},\"thumbnailUrl\":\"https:\\\/\\\/i0.wp.com\\\/www.hostalcanjosep.com\\\/wp-content\\\/uploads\\\/2022\\\/06\\\/IMG-4141-scaled.jpg?fit=2560%2C1920&ssl=1\",\"datePublished\":\"2022-01-01T01:01:20+00:00\",\"dateModified\":\"2024-09-13T15:40:39+00:00\",\"description\":\"(Espa\u00f1ol) Nuestras sencillas pero c\u00f3modas y confortables habitaciones a un precio asequible. No te quedes sin tu habitaci\u00f3n!\",\"breadcrumb\":{\"@id\":\"https:\\\/\\\/www.hostalcanjosep.com\\\/ca\\\/habitacions\\\/#breadcrumb\"},\"inLanguage\":\"ca-ES\",\"potentialAction\":[{\"@type\":\"ReadAction\",\"target\":[\"https:\\\/\\\/www.hostalcanjosep.com\\\/ca\\\/habitacions\\\/\"]}]},{\"@type\":\"ImageObject\",\"inLanguage\":\"ca-ES\",\"@id\":\"https:\\\/\\\/www.hostalcanjosep.com\\\/ca\\\/habitacions\\\/#primaryimage\",\"url\":\"https:\\\/\\\/i0.wp.com\\\/www.hostalcanjosep.com\\\/wp-content\\\/uploads\\\/2022\\\/06\\\/IMG-4141-scaled.jpg?fit=2560%2C1920&ssl=1\",\"contentUrl\":\"https:\\\/\\\/i0.wp.com\\\/www.hostalcanjosep.com\\\/wp-content\\\/uploads\\\/2022\\\/06\\\/IMG-4141-scaled.jpg?fit=2560%2C1920&ssl=1\",\"width\":2560,\"height\":1920},{\"@type\":\"BreadcrumbList\",\"@id\":\"https:\\\/\\\/www.hostalcanjosep.com\\\/ca\\\/habitacions\\\/#breadcrumb\",\"itemListElement\":[{\"@type\":\"ListItem\",\"position\":1,\"name\":\"Inicio\",\"item\":\"https:\\\/\\\/www.hostalcanjosep.com\\\/\"},{\"@type\":\"ListItem\",\"position\":2,\"name\":\"Habitacions\"}]},{\"@type\":\"WebSite\",\"@id\":\"https:\\\/\\\/www.hostalcanjosep.com\\\/#website\",\"url\":\"https:\\\/\\\/www.hostalcanjosep.com\\\/\",\"name\":\"Hostal Can Josep\",\"description\":\"Hotel a Sort, Pallars Sobir\u00e0 - Lleida\",\"publisher\":{\"@id\":\"https:\\\/\\\/www.hostalcanjosep.com\\\/#organization\"},\"potentialAction\":[{\"@type\":\"SearchAction\",\"target\":{\"@type\":\"EntryPoint\",\"urlTemplate\":\"https:\\\/\\\/www.hostalcanjosep.com\\\/?s={search_term_string}\"},\"query-input\":{\"@type\":\"PropertyValueSpecification\",\"valueRequired\":true,\"valueName\":\"search_term_string\"}}],\"inLanguage\":\"ca-ES\"},{\"@type\":\"Organization\",\"@id\":\"https:\\\/\\\/www.hostalcanjosep.com\\\/#organization\",\"name\":\"HOSTAL CAN JOSEP\",\"url\":\"https:\\\/\\\/www.hostalcanjosep.com\\\/\",\"logo\":{\"@type\":\"ImageObject\",\"inLanguage\":\"ca-ES\",\"@id\":\"https:\\\/\\\/www.hostalcanjosep.com\\\/#\\\/schema\\\/logo\\\/image\\\/\",\"url\":\"https:\\\/\\\/i0.wp.com\\\/www.hostalcanjosep.com\\\/wp-content\\\/uploads\\\/2017\\\/02\\\/hostal-can-josep-logo.png?fit=596%2C255&ssl=1\",\"contentUrl\":\"https:\\\/\\\/i0.wp.com\\\/www.hostalcanjosep.com\\\/wp-content\\\/uploads\\\/2017\\\/02\\\/hostal-can-josep-logo.png?fit=596%2C255&ssl=1\",\"width\":596,\"height\":255,\"caption\":\"HOSTAL CAN JOSEP\"},\"image\":{\"@id\":\"https:\\\/\\\/www.hostalcanjosep.com\\\/#\\\/schema\\\/logo\\\/image\\\/\"},\"sameAs\":[\"https:\\\/\\\/www.facebook.com\\\/hostalcanjosep\\\/\"]}]}<\/script>\n<!-- \/ Yoast SEO plugin. -->","yoast_head_json":{"title":"Les Habitacions - Hostal Can Josep Hostal Can Josep - Habitacions","description":"(Espa\u00f1ol) Nuestras sencillas pero c\u00f3modas y confortables habitaciones a un precio asequible. No te quedes sin tu habitaci\u00f3n!","robots":{"index":"index","follow":"follow","max-snippet":"max-snippet:-1","max-image-preview":"max-image-preview:large","max-video-preview":"max-video-preview:-1"},"canonical":"https:\/\/www.hostalcanjosep.com\/ca\/habitacions\/","og_locale":"ca_ES","og_type":"article","og_title":"Les Habitacions - Hostal Can Josep Hostal Can Josep - Habitacions","og_description":"(Espa\u00f1ol) Nuestras sencillas pero c\u00f3modas y confortables habitaciones a un precio asequible. No te quedes sin tu habitaci\u00f3n!","og_url":"https:\/\/www.hostalcanjosep.com\/ca\/habitacions\/","og_site_name":"Hostal Can Josep","article_publisher":"https:\/\/www.facebook.com\/hostalcanjosep\/","article_modified_time":"2024-09-13T15:40:39+00:00","og_image":[{"width":2560,"height":1920,"url":"https:\/\/i0.wp.com\/www.hostalcanjosep.com\/wp-content\/uploads\/2022\/06\/IMG-4141-scaled.jpg?fit=2560%2C1920&ssl=1","type":"image\/jpeg"}],"twitter_card":"summary_large_image","twitter_misc":{"Est. reading time":"1 minute"},"schema":{"@context":"https:\/\/schema.org","@graph":[{"@type":"WebPage","@id":"https:\/\/www.hostalcanjosep.com\/ca\/habitacions\/","url":"https:\/\/www.hostalcanjosep.com\/ca\/habitacions\/","name":"Les Habitacions - Hostal Can Josep Hostal Can Josep - Habitacions","isPartOf":{"@id":"https:\/\/www.hostalcanjosep.com\/#website"},"primaryImageOfPage":{"@id":"https:\/\/www.hostalcanjosep.com\/ca\/habitacions\/#primaryimage"},"image":{"@id":"https:\/\/www.hostalcanjosep.com\/ca\/habitacions\/#primaryimage"},"thumbnailUrl":"https:\/\/i0.wp.com\/www.hostalcanjosep.com\/wp-content\/uploads\/2022\/06\/IMG-4141-scaled.jpg?fit=2560%2C1920&ssl=1","datePublished":"2022-01-01T01:01:20+00:00","dateModified":"2024-09-13T15:40:39+00:00","description":"(Espa\u00f1ol) Nuestras sencillas pero c\u00f3modas y confortables habitaciones a un precio asequible. No te quedes sin tu habitaci\u00f3n!","breadcrumb":{"@id":"https:\/\/www.hostalcanjosep.com\/ca\/habitacions\/#breadcrumb"},"inLanguage":"ca-ES","potentialAction":[{"@type":"ReadAction","target":["https:\/\/www.hostalcanjosep.com\/ca\/habitacions\/"]}]},{"@type":"ImageObject","inLanguage":"ca-ES","@id":"https:\/\/www.hostalcanjosep.com\/ca\/habitacions\/#primaryimage","url":"https:\/\/i0.wp.com\/www.hostalcanjosep.com\/wp-content\/uploads\/2022\/06\/IMG-4141-scaled.jpg?fit=2560%2C1920&ssl=1","contentUrl":"https:\/\/i0.wp.com\/www.hostalcanjosep.com\/wp-content\/uploads\/2022\/06\/IMG-4141-scaled.jpg?fit=2560%2C1920&ssl=1","width":2560,"height":1920},{"@type":"BreadcrumbList","@id":"https:\/\/www.hostalcanjosep.com\/ca\/habitacions\/#breadcrumb","itemListElement":[{"@type":"ListItem","position":1,"name":"Inicio","item":"https:\/\/www.hostalcanjosep.com\/"},{"@type":"ListItem","position":2,"name":"Habitacions"}]},{"@type":"WebSite","@id":"https:\/\/www.hostalcanjosep.com\/#website","url":"https:\/\/www.hostalcanjosep.com\/","name":"Hostal Can Josep","description":"Hotel a Sort, Pallars Sobir\u00e0 - Lleida","publisher":{"@id":"https:\/\/www.hostalcanjosep.com\/#organization"},"potentialAction":[{"@type":"SearchAction","target":{"@type":"EntryPoint","urlTemplate":"https:\/\/www.hostalcanjosep.com\/?s={search_term_string}"},"query-input":{"@type":"PropertyValueSpecification","valueRequired":true,"valueName":"search_term_string"}}],"inLanguage":"ca-ES"},{"@type":"Organization","@id":"https:\/\/www.hostalcanjosep.com\/#organization","name":"HOSTAL CAN JOSEP","url":"https:\/\/www.hostalcanjosep.com\/","logo":{"@type":"ImageObject","inLanguage":"ca-ES","@id":"https:\/\/www.hostalcanjosep.com\/#\/schema\/logo\/image\/","url":"https:\/\/i0.wp.com\/www.hostalcanjosep.com\/wp-content\/uploads\/2017\/02\/hostal-can-josep-logo.png?fit=596%2C255&ssl=1","contentUrl":"https:\/\/i0.wp.com\/www.hostalcanjosep.com\/wp-content\/uploads\/2017\/02\/hostal-can-josep-logo.png?fit=596%2C255&ssl=1","width":596,"height":255,"caption":"HOSTAL CAN JOSEP"},"image":{"@id":"https:\/\/www.hostalcanjosep.com\/#\/schema\/logo\/image\/"},"sameAs":["https:\/\/www.facebook.com\/hostalcanjosep\/"]}]}},"jetpack_sharing_enabled":true,"_links":{"self":[{"href":"https:\/\/www.hostalcanjosep.com\/ca\/wp-json\/wp\/v2\/pages\/2","targetHints":{"allow":["GET"]}}],"collection":[{"href":"https:\/\/www.hostalcanjosep.com\/ca\/wp-json\/wp\/v2\/pages"}],"about":[{"href":"https:\/\/www.hostalcanjosep.com\/ca\/wp-json\/wp\/v2\/types\/page"}],"author":[{"embeddable":true,"href":"https:\/\/www.hostalcanjosep.com\/ca\/wp-json\/wp\/v2\/users\/1"}],"replies":[{"embeddable":true,"href":"https:\/\/www.hostalcanjosep.com\/ca\/wp-json\/wp\/v2\/comments?post=2"}],"version-history":[{"count":0,"href":"https:\/\/www.hostalcanjosep.com\/ca\/wp-json\/wp\/v2\/pages\/2\/revisions"}],"wp:featuredmedia":[{"embeddable":true,"href":"https:\/\/www.hostalcanjosep.com\/ca\/wp-json\/wp\/v2\/media\/1796"}],"wp:attachment":[{"href":"https:\/\/www.hostalcanjosep.com\/ca\/wp-json\/wp\/v2\/media?parent=2"}],"curies":[{"name":"wp","href":"https:\/\/api.w.org\/{rel}","templated":true}]}}